{"id":244,"date":"2026-04-04T18:17:19","date_gmt":"2026-04-04T18:17:19","guid":{"rendered":"https:\/\/ficcunha.com.br\/oficinas\/?post_type=product&#038;p=244"},"modified":"2026-04-23T05:01:17","modified_gmt":"2026-04-23T05:01:17","slug":"terras-sigillatas-e-engobes-decantados","status":"publish","type":"product","link":"https:\/\/ficcunha.com.br\/oficinas\/product\/terras-sigillatas-e-engobes-decantados\/","title":{"rendered":"Terras Sigillatas e Engobes Decantados"},"content":{"rendered":"<p>Terra Sigillata \u00e9 uma t\u00e9cnica romana que consiste no uso de engobes decantados para impermeabilizar e finalizar pe\u00e7as de cer\u00e2mica, muitas vezes queimados em redu\u00e7\u00e3o. Atualmente chamamos assim trabalhos que utilizam engobes coloidais como acabamento final, e principalmente, que se aproveitam das superf\u00edcies lisas e com brilho acetinado caracter\u00edsticas dessa t\u00e9cnica para criar efeitos de carboniza\u00e7\u00e3o art\u00edstica e de efeito como horsehair, saggar e raku sem esmalte. Esses engobes podem ser produzidos e usados de diversas maneiras, tanto para pe\u00e7as decorativas quanto para pe\u00e7as utilit\u00e1rias.<\/p>\n","protected":false},"excerpt":{"rendered":"<p>Terra Sigillata \u00e9 uma t\u00e9cnica romana que consiste no uso de engobes decantados para impermeabilizar e finalizar pe\u00e7as de cer\u00e2mica, muitas vezes queimados em redu\u00e7\u00e3o. Atualmente chamamos assim trabalhos que utilizam engobes coloidais como acabamento final, e principalmente, que se aproveitam das superf\u00edcies lisas e com brilho acetinado caracter\u00edsticas dessa t\u00e9cnica para criar efeitos de [&hellip;]<\/p>\n","protected":false},"featured_media":324,"comment_status":"open","ping_status":"closed","template":"","meta":{"_acf_changed":false,"inline_featured_image":false},"product_brand":[],"product_cat":[42],"product_tag":[],"class_list":{"0":"post-244","1":"product","2":"type-product","3":"status-publish","4":"has-post-thumbnail","6":"product_cat-iniciante","8":"first","9":"instock","10":"downloadable","11":"virtual","12":"purchasable","13":"product-type-simple"},"acf":{"data_de_inicio":"20260604","data_de_termino":"20260606","horario_de_inicio":"14:30:00","horario_de_termino":"18:30:00","observacoes_datas":"04\/06 - 14h30 as 18h30\r\n05\/06 - 09h as 13h\r\n06\/06 - 14h as 18h","duracao":"3 dias - 12 horas","requisitos":"Iniciante. Materiais inclusos na oficina.","nome_do_endereco":"ICCC","rua":"Rua Zenaide F T Leite","numero":"","bairro":"Centro","link_google_maps":"https:\/\/maps.app.goo.gl\/y1rvuEAiNpDAzDZj7","facilitador":[239],"observacoes_oficina":""},"aioseo_notices":[],"_links":{"self":[{"href":"https:\/\/ficcunha.com.br\/oficinas\/wp-json\/wp\/v2\/product\/244","targetHints":{"allow":["GET"]}}],"collection":[{"href":"https:\/\/ficcunha.com.br\/oficinas\/wp-json\/wp\/v2\/product"}],"about":[{"href":"https:\/\/ficcunha.com.br\/oficinas\/wp-json\/wp\/v2\/types\/product"}],"replies":[{"embeddable":true,"href":"https:\/\/ficcunha.com.br\/oficinas\/wp-json\/wp\/v2\/comments?post=244"}],"acf:post":[{"embeddable":true,"href":"https:\/\/ficcunha.com.br\/oficinas\/wp-json\/wp\/v2\/facilitador\/239"}],"wp:featuredmedia":[{"embeddable":true,"href":"https:\/\/ficcunha.com.br\/oficinas\/wp-json\/wp\/v2\/media\/324"}],"wp:attachment":[{"href":"https:\/\/ficcunha.com.br\/oficinas\/wp-json\/wp\/v2\/media?parent=244"}],"wp:term":[{"taxonomy":"product_brand","embeddable":true,"href":"https:\/\/ficcunha.com.br\/oficinas\/wp-json\/wp\/v2\/product_brand?post=244"},{"taxonomy":"product_cat","embeddable":true,"href":"https:\/\/ficcunha.com.br\/oficinas\/wp-json\/wp\/v2\/product_cat?post=244"},{"taxonomy":"product_tag","embeddable":true,"href":"https:\/\/ficcunha.com.br\/oficinas\/wp-json\/wp\/v2\/product_tag?post=244"}],"curies":[{"name":"wp","href":"https:\/\/api.w.org\/{rel}","templated":true}]}}