{"id":246,"date":"2026-04-04T18:28:16","date_gmt":"2026-04-04T18:28:16","guid":{"rendered":"https:\/\/ficcunha.com.br\/oficinas\/?post_type=product&#038;p=246"},"modified":"2026-04-24T17:25:48","modified_gmt":"2026-04-24T17:25:48","slug":"queima-de-sal-a-gas","status":"publish","type":"product","link":"https:\/\/ficcunha.com.br\/oficinas\/product\/queima-de-sal-a-gas\/","title":{"rendered":"Queima de Sal a g\u00e1s"},"content":{"rendered":"<p>Nesta t\u00e9cnica de Alta Temperatura, as pe\u00e7as ficam com com muitos efeitos especiais, como a pele de laranja, o flashing, e a atra\u00e7\u00e3o de carbono.Estudaremos estes efeitos e faremos a Queima em si, e depois an\u00e1lise de resultados.<\/p>\n","protected":false},"excerpt":{"rendered":"<p>Nesta t\u00e9cnica de Alta Temperatura, as pe\u00e7as ficam com com muitos efeitos especiais, como a pele de laranja, o flashing, e a atra\u00e7\u00e3o de carbono.Estudaremos estes efeitos e faremos a Queima em si, e depois an\u00e1lise de resultados.<\/p>\n","protected":false},"featured_media":247,"comment_status":"open","ping_status":"closed","template":"","meta":{"_acf_changed":false,"inline_featured_image":false},"product_brand":[],"product_cat":[43],"product_tag":[],"class_list":{"0":"post-246","1":"product","2":"type-product","3":"status-publish","4":"has-post-thumbnail","6":"product_cat-intermediario","8":"first","9":"instock","10":"downloadable","11":"virtual","12":"purchasable","13":"product-type-simple"},"acf":{"data_de_inicio":"20260603","data_de_termino":"20260606","horario_de_inicio":"09:00:00","horario_de_termino":"17:00:00","observacoes_datas":"03\/06 - das 09h as 17h | \r\n04\/06 - das 09h as 17h |\r\n06\/06 - Abertura de fornada - das 11h as 13h","duracao":"2 dias e meio","requisitos":"Alunos precisam saber modelar. IMPORTANTE: Traga 5 pe\u00e7as biscoitadas de argila branca, com tamanho m\u00e1ximo de 15x15x15 cm.","nome_do_endereco":"Atelier Fl\u00e1via Santoro","rua":"Rodovia Salvador Pacetti km 61 ","numero":"","bairro":"Estrada de Paraty","link_google_maps":"https:\/\/maps.app.goo.gl\/GAAViSb6GVQ7jv1Y7","facilitador":[240],"observacoes_oficina":""},"aioseo_notices":[],"_links":{"self":[{"href":"https:\/\/ficcunha.com.br\/oficinas\/wp-json\/wp\/v2\/product\/246","targetHints":{"allow":["GET"]}}],"collection":[{"href":"https:\/\/ficcunha.com.br\/oficinas\/wp-json\/wp\/v2\/product"}],"about":[{"href":"https:\/\/ficcunha.com.br\/oficinas\/wp-json\/wp\/v2\/types\/product"}],"replies":[{"embeddable":true,"href":"https:\/\/ficcunha.com.br\/oficinas\/wp-json\/wp\/v2\/comments?post=246"}],"acf:post":[{"embeddable":true,"href":"https:\/\/ficcunha.com.br\/oficinas\/wp-json\/wp\/v2\/facilitador\/240"}],"wp:featuredmedia":[{"embeddable":true,"href":"https:\/\/ficcunha.com.br\/oficinas\/wp-json\/wp\/v2\/media\/247"}],"wp:attachment":[{"href":"https:\/\/ficcunha.com.br\/oficinas\/wp-json\/wp\/v2\/media?parent=246"}],"wp:term":[{"taxonomy":"product_brand","embeddable":true,"href":"https:\/\/ficcunha.com.br\/oficinas\/wp-json\/wp\/v2\/product_brand?post=246"},{"taxonomy":"product_cat","embeddable":true,"href":"https:\/\/ficcunha.com.br\/oficinas\/wp-json\/wp\/v2\/product_cat?post=246"},{"taxonomy":"product_tag","embeddable":true,"href":"https:\/\/ficcunha.com.br\/oficinas\/wp-json\/wp\/v2\/product_tag?post=246"}],"curies":[{"name":"wp","href":"https:\/\/api.w.org\/{rel}","templated":true}]}}