{"id":248,"date":"2026-04-04T18:28:31","date_gmt":"2026-04-04T18:28:31","guid":{"rendered":"https:\/\/ficcunha.com.br\/oficinas\/?post_type=product&#038;p=248"},"modified":"2026-04-25T13:55:16","modified_gmt":"2026-04-25T13:55:16","slug":"queima-de-buraco-saggar","status":"publish","type":"product","link":"https:\/\/ficcunha.com.br\/oficinas\/product\/queima-de-buraco-saggar\/","title":{"rendered":"Queima de Buraco\/Saggar"},"content":{"rendered":"<p>A oficina de Saggar\/ Queima de Buraco \u00e9 de Baixa Temperatura, onde estudaremos os efeitos coloridos da queima Saggar , no forno de lenha. Estudaremos tamb\u00e9m a Terra Sigilatta, e suas variantes. Faremos a Queima juntos e analisaremos os resultados.<\/p>\n","protected":false},"excerpt":{"rendered":"<p>A oficina de Saggar\/ Queima de Buraco \u00e9 de Baixa Temperatura, onde estudaremos os efeitos coloridos da queima Saggar , no forno de lenha. Estudaremos tamb\u00e9m a Terra Sigilatta, e suas variantes. Faremos a Queima juntos e analisaremos os resultados.<\/p>\n","protected":false},"featured_media":335,"comment_status":"open","ping_status":"closed","template":"","meta":{"_acf_changed":false,"inline_featured_image":false},"product_brand":[],"product_cat":[43],"product_tag":[],"class_list":{"0":"post-248","1":"product","2":"type-product","3":"status-publish","4":"has-post-thumbnail","6":"product_cat-intermediario","8":"first","9":"outofstock","10":"downloadable","11":"virtual","12":"purchasable","13":"product-type-simple"},"acf":{"data_de_inicio":"20260606","data_de_termino":"20260707","horario_de_inicio":"09:00:00","horario_de_termino":"17:00:00","observacoes_datas":"05\/06 - das 9h as 17h \r\n06\/06 - das 9h as 11h","duracao":"2 dias","requisitos":"Alunos precisam saber modelar. IMPORTANTE: Trazer 5 pe\u00e7as biscoitadas de argilas variadas, tamanho m\u00e1ximo: 15x15x20 cm.","nome_do_endereco":"Atelier Fl\u00e1via Santoro","rua":"Rodovia Salvador Pacetti km 61 ","numero":"","bairro":"Estrada de Paraty","link_google_maps":"https:\/\/maps.app.goo.gl\/GAAViSb6GVQ7jv1Y7","facilitador":[240],"observacoes_oficina":""},"aioseo_notices":[],"_links":{"self":[{"href":"https:\/\/ficcunha.com.br\/oficinas\/wp-json\/wp\/v2\/product\/248","targetHints":{"allow":["GET"]}}],"collection":[{"href":"https:\/\/ficcunha.com.br\/oficinas\/wp-json\/wp\/v2\/product"}],"about":[{"href":"https:\/\/ficcunha.com.br\/oficinas\/wp-json\/wp\/v2\/types\/product"}],"replies":[{"embeddable":true,"href":"https:\/\/ficcunha.com.br\/oficinas\/wp-json\/wp\/v2\/comments?post=248"}],"acf:post":[{"embeddable":true,"href":"https:\/\/ficcunha.com.br\/oficinas\/wp-json\/wp\/v2\/facilitador\/240"}],"wp:featuredmedia":[{"embeddable":true,"href":"https:\/\/ficcunha.com.br\/oficinas\/wp-json\/wp\/v2\/media\/335"}],"wp:attachment":[{"href":"https:\/\/ficcunha.com.br\/oficinas\/wp-json\/wp\/v2\/media?parent=248"}],"wp:term":[{"taxonomy":"product_brand","embeddable":true,"href":"https:\/\/ficcunha.com.br\/oficinas\/wp-json\/wp\/v2\/product_brand?post=248"},{"taxonomy":"product_cat","embeddable":true,"href":"https:\/\/ficcunha.com.br\/oficinas\/wp-json\/wp\/v2\/product_cat?post=248"},{"taxonomy":"product_tag","embeddable":true,"href":"https:\/\/ficcunha.com.br\/oficinas\/wp-json\/wp\/v2\/product_tag?post=248"}],"curies":[{"name":"wp","href":"https:\/\/api.w.org\/{rel}","templated":true}]}}