{"id":251,"date":"2026-04-04T18:42:41","date_gmt":"2026-04-04T18:42:41","guid":{"rendered":"https:\/\/ficcunha.com.br\/oficinas\/?post_type=product&#038;p=251"},"modified":"2026-04-20T19:15:19","modified_gmt":"2026-04-20T19:15:19","slug":"transferencia-de-imagens","status":"publish","type":"product","link":"https:\/\/ficcunha.com.br\/oficinas\/product\/transferencia-de-imagens\/","title":{"rendered":"Transfer\u00eancia de Imagens"},"content":{"rendered":"<p>A proposta deste workshop \u00e9 propiciar a experimenta\u00e7\u00e3o de diferentes maneiras de imprimir imagens sobre a superf\u00edcie cer\u00e2mica, explorando variadas t\u00e9cnicas e compreendendo os resultados espec\u00edficos que cada uma delas pode produzir.<br \/>\nMais do que aprender procedimentos t\u00e9cnicos, o objetivo \u00e9 ampliar o repert\u00f3rio expressivo dos participantes. Cada t\u00e9cnica ser\u00e1 apresentada como um caminho poss\u00edvel para o desenvolvimento de uma linguagem visual pr\u00f3pria, permitindo que imagens, fotografias, desenhos ou textos se tornem parte da superf\u00edcie cer\u00e2mica.<br \/>\nNesse processo, a t\u00e9cnica deixa de ser apenas um m\u00e9todo e passa a ser entendida como uma ferramenta de express\u00e3o. Ao dominar diferentes formas de transfer\u00eancia de imagem, o participante pode desenvolver sua po\u00e9tica pessoal, utilizando a cer\u00e2mica como meio para refletir, registrar e comunicar sua maneira de perceber o mundo e de se relacionar com ele.<br \/>\nAssim, o aprendizado t\u00e9cnico se transforma em um espa\u00e7o de investiga\u00e7\u00e3o art\u00edstica, onde a experimenta\u00e7\u00e3o, a curiosidade e a sensibilidade conduzem \u00e0 constru\u00e7\u00e3o de uma express\u00e3o autoral.<\/p>\n","protected":false},"excerpt":{"rendered":"<p>A proposta deste workshop \u00e9 propiciar a experimenta\u00e7\u00e3o de diferentes maneiras de imprimir imagens sobre a superf\u00edcie cer\u00e2mica, explorando variadas t\u00e9cnicas e compreendendo os resultados espec\u00edficos que cada uma delas pode produzir. Mais do que aprender procedimentos t\u00e9cnicos, o objetivo \u00e9 ampliar o repert\u00f3rio expressivo dos participantes. Cada t\u00e9cnica ser\u00e1 apresentada como um caminho poss\u00edvel [&hellip;]<\/p>\n","protected":false},"featured_media":343,"comment_status":"open","ping_status":"closed","template":"","meta":{"_acf_changed":false,"inline_featured_image":false},"product_brand":[],"product_cat":[42],"product_tag":[],"class_list":{"0":"post-251","1":"product","2":"type-product","3":"status-publish","4":"has-post-thumbnail","6":"product_cat-iniciante","8":"first","9":"outofstock","10":"downloadable","11":"virtual","12":"purchasable","13":"product-type-simple"},"acf":{"data_de_inicio":"20260603","data_de_termino":null,"horario_de_inicio":"09:00:00","horario_de_termino":"13:00:00","observacoes_datas":"","duracao":"4 horas","requisitos":"Nenhum","nome_do_endereco":"ICCC","rua":"Rua Zenaide F T Leite","numero":"","bairro":"Centro","link_google_maps":"https:\/\/maps.app.goo.gl\/41eZS5AtDWx1tJAN8","facilitador":[221],"observacoes_oficina":""},"aioseo_notices":[],"_links":{"self":[{"href":"https:\/\/ficcunha.com.br\/oficinas\/wp-json\/wp\/v2\/product\/251","targetHints":{"allow":["GET"]}}],"collection":[{"href":"https:\/\/ficcunha.com.br\/oficinas\/wp-json\/wp\/v2\/product"}],"about":[{"href":"https:\/\/ficcunha.com.br\/oficinas\/wp-json\/wp\/v2\/types\/product"}],"replies":[{"embeddable":true,"href":"https:\/\/ficcunha.com.br\/oficinas\/wp-json\/wp\/v2\/comments?post=251"}],"acf:post":[{"embeddable":true,"href":"https:\/\/ficcunha.com.br\/oficinas\/wp-json\/wp\/v2\/facilitador\/221"}],"wp:featuredmedia":[{"embeddable":true,"href":"https:\/\/ficcunha.com.br\/oficinas\/wp-json\/wp\/v2\/media\/343"}],"wp:attachment":[{"href":"https:\/\/ficcunha.com.br\/oficinas\/wp-json\/wp\/v2\/media?parent=251"}],"wp:term":[{"taxonomy":"product_brand","embeddable":true,"href":"https:\/\/ficcunha.com.br\/oficinas\/wp-json\/wp\/v2\/product_brand?post=251"},{"taxonomy":"product_cat","embeddable":true,"href":"https:\/\/ficcunha.com.br\/oficinas\/wp-json\/wp\/v2\/product_cat?post=251"},{"taxonomy":"product_tag","embeddable":true,"href":"https:\/\/ficcunha.com.br\/oficinas\/wp-json\/wp\/v2\/product_tag?post=251"}],"curies":[{"name":"wp","href":"https:\/\/api.w.org\/{rel}","templated":true}]}}