{"id":255,"date":"2026-04-04T18:52:27","date_gmt":"2026-04-04T18:52:27","guid":{"rendered":"https:\/\/ficcunha.com.br\/oficinas\/?post_type=product&#038;p=255"},"modified":"2026-04-20T19:44:48","modified_gmt":"2026-04-20T19:44:48","slug":"engobe-ceramico-o-que-e-como-fazer-como-usar","status":"publish","type":"product","link":"https:\/\/ficcunha.com.br\/oficinas\/product\/engobe-ceramico-o-que-e-como-fazer-como-usar\/","title":{"rendered":"Engobe Cer\u00e2mico &#8211; o que \u00e9, como fazer, como usar"},"content":{"rendered":"<p>Na cer\u00e2mica usamos uma express\u00e3o muito reveladora: corpo cer\u00e2mico.<br \/>\nA pe\u00e7a \u00e9 um corpo. Muitas vezes o esmalte funciona como uma roupa \u2014 ele veste a pe\u00e7a, cobre a argila, uniformiza a superf\u00edcie. O engobe \u00e9 diferente. O engobe n\u00e3o veste a pe\u00e7a. O engobe \u00e9 parte dela. Ele \u00e9 argila sobre argila. \u00c9 a pele do corpo cer\u00e2mico transformada. Se a pe\u00e7a \u00e9 o corpo, o engobe \u00e9 o bronzeado, \u00e9 a tatuagem, \u00e9 a marca que conta uma hist\u00f3ria. Com engobes podemos desenhar, pintar, cavar, revelar camadas, criar texturas e grafismos. \u00c9 a superf\u00edcie da cer\u00e2mica se tornando linguagem art\u00edstica. E neste curso vamos explorar exatamente isso: as infinitas possibilidades do engobe como extens\u00e3o da pr\u00f3pria argila.<\/p>\n","protected":false},"excerpt":{"rendered":"<p>Na cer\u00e2mica usamos uma express\u00e3o muito reveladora: corpo cer\u00e2mico. A pe\u00e7a \u00e9 um corpo. Muitas vezes o esmalte funciona como uma roupa \u2014 ele veste a pe\u00e7a, cobre a argila, uniformiza a superf\u00edcie. O engobe \u00e9 diferente. O engobe n\u00e3o veste a pe\u00e7a. O engobe \u00e9 parte dela. Ele \u00e9 argila sobre argila. \u00c9 a [&hellip;]<\/p>\n","protected":false},"featured_media":344,"comment_status":"open","ping_status":"closed","template":"","meta":{"_acf_changed":false,"inline_featured_image":false},"product_brand":[],"product_cat":[42],"product_tag":[],"class_list":{"0":"post-255","1":"product","2":"type-product","3":"status-publish","4":"has-post-thumbnail","6":"product_cat-iniciante","8":"first","9":"outofstock","10":"downloadable","11":"virtual","12":"purchasable","13":"product-type-simple"},"acf":{"data_de_inicio":"20260603","data_de_termino":null,"horario_de_inicio":"14:00:00","horario_de_termino":"19:00:00","observacoes_datas":"","duracao":"5 horas","requisitos":"Nenhum","nome_do_endereco":"ICCC","rua":"Rua Zenaide F T Leite","numero":"","bairro":"Centro","link_google_maps":"https:\/\/maps.app.goo.gl\/41eZS5AtDWx1tJAN8","facilitador":[221],"observacoes_oficina":""},"aioseo_notices":[],"_links":{"self":[{"href":"https:\/\/ficcunha.com.br\/oficinas\/wp-json\/wp\/v2\/product\/255","targetHints":{"allow":["GET"]}}],"collection":[{"href":"https:\/\/ficcunha.com.br\/oficinas\/wp-json\/wp\/v2\/product"}],"about":[{"href":"https:\/\/ficcunha.com.br\/oficinas\/wp-json\/wp\/v2\/types\/product"}],"replies":[{"embeddable":true,"href":"https:\/\/ficcunha.com.br\/oficinas\/wp-json\/wp\/v2\/comments?post=255"}],"acf:post":[{"embeddable":true,"href":"https:\/\/ficcunha.com.br\/oficinas\/wp-json\/wp\/v2\/facilitador\/221"}],"wp:featuredmedia":[{"embeddable":true,"href":"https:\/\/ficcunha.com.br\/oficinas\/wp-json\/wp\/v2\/media\/344"}],"wp:attachment":[{"href":"https:\/\/ficcunha.com.br\/oficinas\/wp-json\/wp\/v2\/media?parent=255"}],"wp:term":[{"taxonomy":"product_brand","embeddable":true,"href":"https:\/\/ficcunha.com.br\/oficinas\/wp-json\/wp\/v2\/product_brand?post=255"},{"taxonomy":"product_cat","embeddable":true,"href":"https:\/\/ficcunha.com.br\/oficinas\/wp-json\/wp\/v2\/product_cat?post=255"},{"taxonomy":"product_tag","embeddable":true,"href":"https:\/\/ficcunha.com.br\/oficinas\/wp-json\/wp\/v2\/product_tag?post=255"}],"curies":[{"name":"wp","href":"https:\/\/api.w.org\/{rel}","templated":true}]}}