{"id":258,"date":"2026-04-04T19:33:05","date_gmt":"2026-04-04T19:33:05","guid":{"rendered":"https:\/\/ficcunha.com.br\/oficinas\/?post_type=product&#038;p=258"},"modified":"2026-04-18T00:21:59","modified_gmt":"2026-04-18T00:21:59","slug":"va-com-o-cabelo-preso-e-evite-roupas-de-tecido-sintetico","status":"publish","type":"product","link":"https:\/\/ficcunha.com.br\/oficinas\/product\/va-com-o-cabelo-preso-e-evite-roupas-de-tecido-sintetico\/","title":{"rendered":"Raku Met\u00e1lico &#8211; Uma experi\u00eancia entre fogo, qu\u00edmica e poesia"},"content":{"rendered":"<p>Venha experimentar uma das t\u00e9cnicas mais fascinantes da cer\u00e2mica.<br \/>\nO Raku Met\u00e1lico combina o Raku Tradicional com \u00f3xidos met\u00e1licos como cobre e ferro, que reagem durante a queima em processos de oxida\u00e7\u00e3o e redu\u00e7\u00e3o, criando superf\u00edcies iridescentes, met\u00e1licas e absolutamente \u00fanicas.<br \/>\nCada pe\u00e7a revela o di\u00e1logo entre o acaso e o controle &#8211; cores, brilhos e texturas que s\u00f3 o fogo pode criar.<\/p>\n","protected":false},"excerpt":{"rendered":"<p>Venha experimentar uma das t\u00e9cnicas mais fascinantes da cer\u00e2mica. O Raku Met\u00e1lico combina o Raku Tradicional com \u00f3xidos met\u00e1licos como cobre e ferro, que reagem durante a queima em processos de oxida\u00e7\u00e3o e redu\u00e7\u00e3o, criando superf\u00edcies iridescentes, met\u00e1licas e absolutamente \u00fanicas. Cada pe\u00e7a revela o di\u00e1logo entre o acaso e o controle &#8211; cores, brilhos [&hellip;]<\/p>\n","protected":false},"featured_media":347,"comment_status":"open","ping_status":"closed","template":"","meta":{"_acf_changed":false,"inline_featured_image":false},"product_brand":[],"product_cat":[42],"product_tag":[],"class_list":{"0":"post-258","1":"product","2":"type-product","3":"status-publish","4":"has-post-thumbnail","6":"product_cat-iniciante","8":"first","9":"instock","10":"downloadable","11":"virtual","12":"purchasable","13":"product-type-simple"},"acf":{"data_de_inicio":"20260602","data_de_termino":null,"horario_de_inicio":"09:00:00","horario_de_termino":"12:00:00","observacoes_datas":"","duracao":"1 dia","requisitos":"Uma pe\u00e7a por aluno, confeccionada em Argila para Raku (com chamote) de at\u00e9 15x15x15. Caso o aluno n\u00e3o consiga trazer, uma pe\u00e7a poder\u00e1 ser adquirida no local da oficina.","nome_do_endereco":"Atelier Fl\u00e1via Santoro","rua":"Rodovia Salvador Pacetti km 61 ","numero":"","bairro":"Estrada de Paraty","link_google_maps":"https:\/\/maps.app.goo.gl\/GAAViSb6GVQ7jv1Y7","facilitador":[292],"observacoes_oficina":""},"aioseo_notices":[],"_links":{"self":[{"href":"https:\/\/ficcunha.com.br\/oficinas\/wp-json\/wp\/v2\/product\/258","targetHints":{"allow":["GET"]}}],"collection":[{"href":"https:\/\/ficcunha.com.br\/oficinas\/wp-json\/wp\/v2\/product"}],"about":[{"href":"https:\/\/ficcunha.com.br\/oficinas\/wp-json\/wp\/v2\/types\/product"}],"replies":[{"embeddable":true,"href":"https:\/\/ficcunha.com.br\/oficinas\/wp-json\/wp\/v2\/comments?post=258"}],"acf:post":[{"embeddable":true,"href":"https:\/\/ficcunha.com.br\/oficinas\/wp-json\/wp\/v2\/facilitador\/292"}],"wp:featuredmedia":[{"embeddable":true,"href":"https:\/\/ficcunha.com.br\/oficinas\/wp-json\/wp\/v2\/media\/347"}],"wp:attachment":[{"href":"https:\/\/ficcunha.com.br\/oficinas\/wp-json\/wp\/v2\/media?parent=258"}],"wp:term":[{"taxonomy":"product_brand","embeddable":true,"href":"https:\/\/ficcunha.com.br\/oficinas\/wp-json\/wp\/v2\/product_brand?post=258"},{"taxonomy":"product_cat","embeddable":true,"href":"https:\/\/ficcunha.com.br\/oficinas\/wp-json\/wp\/v2\/product_cat?post=258"},{"taxonomy":"product_tag","embeddable":true,"href":"https:\/\/ficcunha.com.br\/oficinas\/wp-json\/wp\/v2\/product_tag?post=258"}],"curies":[{"name":"wp","href":"https:\/\/api.w.org\/{rel}","templated":true}]}}