{"id":263,"date":"2026-04-04T20:31:43","date_gmt":"2026-04-04T20:31:43","guid":{"rendered":"https:\/\/ficcunha.com.br\/oficinas\/?post_type=product&#038;p=263"},"modified":"2026-04-21T23:15:24","modified_gmt":"2026-04-21T23:15:24","slug":"ceramica-bordada","status":"publish","type":"product","link":"https:\/\/ficcunha.com.br\/oficinas\/product\/ceramica-bordada\/","title":{"rendered":"Cer\u00e2mica Bordada"},"content":{"rendered":"<p>O curso consiste em ensinar a t\u00e9cnica de bordado em cer\u00e2mica, tendo como exerc\u00edcio pr\u00e1tico a confec\u00e7\u00e3o de um prato decorativo.<\/p>\n<p>A dura\u00e7\u00e3o do curso \u00e9 de cerca de 5 horas (2 horas de manh\u00e3 e 3 horas de tarde). <\/p>\n<p>Todos os materiais estar\u00e3o inclu\u00eddos no valor, por\u00e9m pedimos aos alunos que, se poss\u00edvel, levem rolo de madeira (de no m\u00ednimo 30 cm) para abertura das placas e um avental. <\/p>\n<p>Na aula, ensinaremos todas as etapas, como: sovagem da argila, abertura de placa com guias, modelagem manual e com molde, desenho para bordado, realiza\u00e7\u00e3o de furos, secagem, acabamento, esmalta\u00e7\u00e3o e a finaliza\u00e7\u00e3o com bordado com diferentes tipos de linhas. <\/p>\n<p>A queima n\u00e3o est\u00e1 inclu\u00edda no curso e o aluno dever\u00e1 levar a pe\u00e7a confeccionada para queima ou combinar individualmente com o professor para a realiza\u00e7\u00e3o desse servi\u00e7o \u00e0 parte. <\/p>\n<p>Como o prato confeccionado na aula ainda n\u00e3o foi queimado, na etapa do bordado, o professor oferecer\u00e1 um pequeno prato para cada aluno aprender a t\u00e9cnica e levar para casa como recorda\u00e7\u00e3o da oficina. <\/p>\n","protected":false},"excerpt":{"rendered":"<p>O curso consiste em ensinar a t\u00e9cnica de bordado em cer\u00e2mica, tendo como exerc\u00edcio pr\u00e1tico a confec\u00e7\u00e3o de um prato decorativo. A dura\u00e7\u00e3o do curso \u00e9 de cerca de 5 horas (2 horas de manh\u00e3 e 3 horas de tarde). Todos os materiais estar\u00e3o inclu\u00eddos no valor, por\u00e9m pedimos aos alunos que, se poss\u00edvel, levem [&hellip;]<\/p>\n","protected":false},"featured_media":353,"comment_status":"open","ping_status":"closed","template":"","meta":{"_acf_changed":false,"inline_featured_image":false},"product_brand":[],"product_cat":[42],"product_tag":[],"class_list":{"0":"post-263","1":"product","2":"type-product","3":"status-publish","4":"has-post-thumbnail","6":"product_cat-iniciante","8":"first","9":"instock","10":"downloadable","11":"virtual","12":"purchasable","13":"product-type-simple"},"acf":{"data_de_inicio":"20260604","data_de_termino":"20260604","horario_de_inicio":"09:00:00","horario_de_termino":"16:00:00","observacoes_datas":"04\/06 - Das 9h as 16h","duracao":"1 dia","requisitos":"Rolos de madeira e avental.","nome_do_endereco":"Casa do Lago - Deck Interno","rua":"R. Jos\u00e9 Arantes Filho","numero":85,"bairro":"Vila Rica","link_google_maps":"https:\/\/maps.app.goo.gl\/dMopeWyFP56Vk6dr9","facilitador":[224],"observacoes_oficina":""},"aioseo_notices":[],"_links":{"self":[{"href":"https:\/\/ficcunha.com.br\/oficinas\/wp-json\/wp\/v2\/product\/263","targetHints":{"allow":["GET"]}}],"collection":[{"href":"https:\/\/ficcunha.com.br\/oficinas\/wp-json\/wp\/v2\/product"}],"about":[{"href":"https:\/\/ficcunha.com.br\/oficinas\/wp-json\/wp\/v2\/types\/product"}],"replies":[{"embeddable":true,"href":"https:\/\/ficcunha.com.br\/oficinas\/wp-json\/wp\/v2\/comments?post=263"}],"acf:post":[{"embeddable":true,"href":"https:\/\/ficcunha.com.br\/oficinas\/wp-json\/wp\/v2\/facilitador\/224"}],"wp:featuredmedia":[{"embeddable":true,"href":"https:\/\/ficcunha.com.br\/oficinas\/wp-json\/wp\/v2\/media\/353"}],"wp:attachment":[{"href":"https:\/\/ficcunha.com.br\/oficinas\/wp-json\/wp\/v2\/media?parent=263"}],"wp:term":[{"taxonomy":"product_brand","embeddable":true,"href":"https:\/\/ficcunha.com.br\/oficinas\/wp-json\/wp\/v2\/product_brand?post=263"},{"taxonomy":"product_cat","embeddable":true,"href":"https:\/\/ficcunha.com.br\/oficinas\/wp-json\/wp\/v2\/product_cat?post=263"},{"taxonomy":"product_tag","embeddable":true,"href":"https:\/\/ficcunha.com.br\/oficinas\/wp-json\/wp\/v2\/product_tag?post=263"}],"curies":[{"name":"wp","href":"https:\/\/api.w.org\/{rel}","templated":true}]}}