{"id":272,"date":"2026-04-04T21:01:30","date_gmt":"2026-04-04T21:01:30","guid":{"rendered":"https:\/\/ficcunha.com.br\/oficinas\/?post_type=product&#038;p=272"},"modified":"2026-04-25T12:47:29","modified_gmt":"2026-04-25T12:47:29","slug":"memoria-corpo-e-territorio","status":"publish","type":"product","link":"https:\/\/ficcunha.com.br\/oficinas\/product\/memoria-corpo-e-territorio\/","title":{"rendered":"Mem\u00f3ria, corpo e territ\u00f3rio"},"content":{"rendered":"<p>Uma introdu\u00e7\u00e3o \u00e0s pr\u00e1ticas com barro, resgatando saberes ancestrais da cer\u00e2mica. A partir do corpo e da escuta da mat\u00e9ria, a proposta ativa mem\u00f3rias e t\u00e9cnicas tradicionais como forma de cria\u00e7\u00e3o e reconex\u00e3o. (A atividade prop\u00f5e o manuseio de esculturas livres que remetam a mem\u00f3rias de cada participante. Ser\u00e3o apresentadas t\u00e9cnicas de manuseio com poucas ferramentas.)<\/p>\n","protected":false},"excerpt":{"rendered":"<p>Uma introdu\u00e7\u00e3o \u00e0s pr\u00e1ticas com barro, resgatando saberes ancestrais da cer\u00e2mica. A partir do corpo e da escuta da mat\u00e9ria, a proposta ativa mem\u00f3rias e t\u00e9cnicas tradicionais como forma de cria\u00e7\u00e3o e reconex\u00e3o. (A atividade prop\u00f5e o manuseio de esculturas livres que remetam a mem\u00f3rias de cada participante. Ser\u00e3o apresentadas t\u00e9cnicas de manuseio com poucas [&hellip;]<\/p>\n","protected":false},"featured_media":273,"comment_status":"open","ping_status":"closed","template":"","meta":{"_acf_changed":false,"inline_featured_image":false},"product_brand":[],"product_cat":[42],"product_tag":[],"class_list":{"0":"post-272","1":"product","2":"type-product","3":"status-publish","4":"has-post-thumbnail","6":"product_cat-iniciante","8":"first","9":"instock","10":"featured","11":"downloadable","12":"virtual","13":"purchasable","14":"product-type-simple"},"acf":{"data_de_inicio":"20260606","data_de_termino":null,"horario_de_inicio":"13:00:00","horario_de_termino":"15:00:00","observacoes_datas":"","duracao":"1 dia","requisitos":"Nenhum","nome_do_endereco":"Casa do Lago - Deck Interno","rua":"R. Jos\u00e9 Arantes Filho","numero":86,"bairro":"Vila Rica","link_google_maps":"https:\/\/maps.app.goo.gl\/nxheJoA6xYRqoJuU7","facilitador":[230],"observacoes_oficina":""},"aioseo_notices":[],"_links":{"self":[{"href":"https:\/\/ficcunha.com.br\/oficinas\/wp-json\/wp\/v2\/product\/272","targetHints":{"allow":["GET"]}}],"collection":[{"href":"https:\/\/ficcunha.com.br\/oficinas\/wp-json\/wp\/v2\/product"}],"about":[{"href":"https:\/\/ficcunha.com.br\/oficinas\/wp-json\/wp\/v2\/types\/product"}],"replies":[{"embeddable":true,"href":"https:\/\/ficcunha.com.br\/oficinas\/wp-json\/wp\/v2\/comments?post=272"}],"acf:post":[{"embeddable":true,"href":"https:\/\/ficcunha.com.br\/oficinas\/wp-json\/wp\/v2\/facilitador\/230"}],"wp:featuredmedia":[{"embeddable":true,"href":"https:\/\/ficcunha.com.br\/oficinas\/wp-json\/wp\/v2\/media\/273"}],"wp:attachment":[{"href":"https:\/\/ficcunha.com.br\/oficinas\/wp-json\/wp\/v2\/media?parent=272"}],"wp:term":[{"taxonomy":"product_brand","embeddable":true,"href":"https:\/\/ficcunha.com.br\/oficinas\/wp-json\/wp\/v2\/product_brand?post=272"},{"taxonomy":"product_cat","embeddable":true,"href":"https:\/\/ficcunha.com.br\/oficinas\/wp-json\/wp\/v2\/product_cat?post=272"},{"taxonomy":"product_tag","embeddable":true,"href":"https:\/\/ficcunha.com.br\/oficinas\/wp-json\/wp\/v2\/product_tag?post=272"}],"curies":[{"name":"wp","href":"https:\/\/api.w.org\/{rel}","templated":true}]}}