{"id":277,"date":"2026-04-04T22:27:56","date_gmt":"2026-04-04T22:27:56","guid":{"rendered":"https:\/\/ficcunha.com.br\/oficinas\/?post_type=product&#038;p=277"},"modified":"2026-04-24T00:01:08","modified_gmt":"2026-04-24T00:01:08","slug":"aquarela-na-ceramica","status":"publish","type":"product","link":"https:\/\/ficcunha.com.br\/oficinas\/product\/aquarela-na-ceramica\/","title":{"rendered":"Aquarela na Cer\u00e2mica"},"content":{"rendered":"<p>A aquarela na cer\u00e2mica se apresenta como uma t\u00e9cnica muito parecida \u00e0quela em que realizamos no papel. Neste workshop, trabalharemos com pe\u00e7as em biscoito, no qual poderemos perceber a absor\u00e7\u00e3o da \u00e0gua formando manchas no papel.<br \/>\nEsse workshop \u00e9 para aqueles que desejam entender como trabalhar com a t\u00e9cnica usando corantes em p\u00f3 inorg\u00e2nicos que n\u00e3o mudam com a temperatura de queima e possuem as cores muito fortes e vivas. \u00c9 um momento de aprender e se desenvolver na pintura.<\/p>\n","protected":false},"excerpt":{"rendered":"<p>A aquarela na cer\u00e2mica se apresenta como uma t\u00e9cnica muito parecida \u00e0quela em que realizamos no papel. Neste workshop, trabalharemos com pe\u00e7as em biscoito, no qual poderemos perceber a absor\u00e7\u00e3o da \u00e0gua formando manchas no papel. Esse workshop \u00e9 para aqueles que desejam entender como trabalhar com a t\u00e9cnica usando corantes em p\u00f3 inorg\u00e2nicos que [&hellip;]<\/p>\n","protected":false},"featured_media":369,"comment_status":"open","ping_status":"closed","template":"","meta":{"_acf_changed":false,"inline_featured_image":false},"product_brand":[],"product_cat":[42],"product_tag":[],"class_list":{"0":"post-277","1":"product","2":"type-product","3":"status-publish","4":"has-post-thumbnail","6":"product_cat-iniciante","8":"first","9":"instock","10":"downloadable","11":"virtual","12":"purchasable","13":"product-type-simple"},"acf":{"data_de_inicio":"20260605","data_de_termino":null,"horario_de_inicio":"09:00:00","horario_de_termino":"12:00:00","observacoes_datas":"","duracao":"3 horas","requisitos":"Iniciante","nome_do_endereco":"Floresta Galeria","rua":"Pra\u00e7a Cel. Jo\u00e3o Ol\u00edmpio, Subsolo","numero":9,"bairro":"Centro","link_google_maps":"https:\/\/maps.app.goo.gl\/ppQCEXjPHCmNoLt16","facilitador":[235],"observacoes_oficina":""},"aioseo_notices":[],"_links":{"self":[{"href":"https:\/\/ficcunha.com.br\/oficinas\/wp-json\/wp\/v2\/product\/277","targetHints":{"allow":["GET"]}}],"collection":[{"href":"https:\/\/ficcunha.com.br\/oficinas\/wp-json\/wp\/v2\/product"}],"about":[{"href":"https:\/\/ficcunha.com.br\/oficinas\/wp-json\/wp\/v2\/types\/product"}],"replies":[{"embeddable":true,"href":"https:\/\/ficcunha.com.br\/oficinas\/wp-json\/wp\/v2\/comments?post=277"}],"acf:post":[{"embeddable":true,"href":"https:\/\/ficcunha.com.br\/oficinas\/wp-json\/wp\/v2\/facilitador\/235"}],"wp:featuredmedia":[{"embeddable":true,"href":"https:\/\/ficcunha.com.br\/oficinas\/wp-json\/wp\/v2\/media\/369"}],"wp:attachment":[{"href":"https:\/\/ficcunha.com.br\/oficinas\/wp-json\/wp\/v2\/media?parent=277"}],"wp:term":[{"taxonomy":"product_brand","embeddable":true,"href":"https:\/\/ficcunha.com.br\/oficinas\/wp-json\/wp\/v2\/product_brand?post=277"},{"taxonomy":"product_cat","embeddable":true,"href":"https:\/\/ficcunha.com.br\/oficinas\/wp-json\/wp\/v2\/product_cat?post=277"},{"taxonomy":"product_tag","embeddable":true,"href":"https:\/\/ficcunha.com.br\/oficinas\/wp-json\/wp\/v2\/product_tag?post=277"}],"curies":[{"name":"wp","href":"https:\/\/api.w.org\/{rel}","templated":true}]}}