{"id":281,"date":"2026-04-04T22:40:29","date_gmt":"2026-04-04T22:40:29","guid":{"rendered":"https:\/\/ficcunha.com.br\/oficinas\/?post_type=product&#038;p=281"},"modified":"2026-04-23T16:02:24","modified_gmt":"2026-04-23T16:02:24","slug":"raku-obvara","status":"publish","type":"product","link":"https:\/\/ficcunha.com.br\/oficinas\/product\/raku-obvara\/","title":{"rendered":"Raku Obvara"},"content":{"rendered":"<p>Neste workshop aprendemos a executar a t\u00e9cnica de Queima Obvara, na qual pe\u00e7as incandescentes s\u00e3o mergulhadas em uma calda de trigo fermentada, gerando padr\u00f5es e texturas de incr\u00edvel beleza.<\/p>\n<p>Ser\u00e1 oferecido 1 vaso por participante para execu\u00e7\u00e3o da t\u00e9cnica. Ao final, o participante poder\u00e1 levar a pe\u00e7a pra casa.<\/p>\n","protected":false},"excerpt":{"rendered":"<p>Neste workshop aprendemos a executar a t\u00e9cnica de Queima Obvara, na qual pe\u00e7as incandescentes s\u00e3o mergulhadas em uma calda de trigo fermentada, gerando padr\u00f5es e texturas de incr\u00edvel beleza. Ser\u00e1 oferecido 1 vaso por participante para execu\u00e7\u00e3o da t\u00e9cnica. Ao final, o participante poder\u00e1 levar a pe\u00e7a pra casa.<\/p>\n","protected":false},"featured_media":282,"comment_status":"open","ping_status":"closed","template":"","meta":{"_acf_changed":false,"inline_featured_image":false},"product_brand":[],"product_cat":[42],"product_tag":[],"class_list":{"0":"post-281","1":"product","2":"type-product","3":"status-publish","4":"has-post-thumbnail","6":"product_cat-iniciante","8":"first","9":"outofstock","10":"downloadable","11":"virtual","12":"purchasable","13":"product-type-simple"},"acf":{"data_de_inicio":"20260605","data_de_termino":null,"horario_de_inicio":"19:00:00","horario_de_termino":"22:00:00","observacoes_datas":"","duracao":"","requisitos":"Nenhum","nome_do_endereco":"ICCC","rua":"Rua Zenaide F T Leite","numero":"","bairro":"Centro","link_google_maps":"https:\/\/maps.app.goo.gl\/MBM23CLTEhHydoUi6","facilitador":[237],"observacoes_oficina":""},"aioseo_notices":[],"_links":{"self":[{"href":"https:\/\/ficcunha.com.br\/oficinas\/wp-json\/wp\/v2\/product\/281","targetHints":{"allow":["GET"]}}],"collection":[{"href":"https:\/\/ficcunha.com.br\/oficinas\/wp-json\/wp\/v2\/product"}],"about":[{"href":"https:\/\/ficcunha.com.br\/oficinas\/wp-json\/wp\/v2\/types\/product"}],"replies":[{"embeddable":true,"href":"https:\/\/ficcunha.com.br\/oficinas\/wp-json\/wp\/v2\/comments?post=281"}],"acf:post":[{"embeddable":true,"href":"https:\/\/ficcunha.com.br\/oficinas\/wp-json\/wp\/v2\/facilitador\/237"}],"wp:featuredmedia":[{"embeddable":true,"href":"https:\/\/ficcunha.com.br\/oficinas\/wp-json\/wp\/v2\/media\/282"}],"wp:attachment":[{"href":"https:\/\/ficcunha.com.br\/oficinas\/wp-json\/wp\/v2\/media?parent=281"}],"wp:term":[{"taxonomy":"product_brand","embeddable":true,"href":"https:\/\/ficcunha.com.br\/oficinas\/wp-json\/wp\/v2\/product_brand?post=281"},{"taxonomy":"product_cat","embeddable":true,"href":"https:\/\/ficcunha.com.br\/oficinas\/wp-json\/wp\/v2\/product_cat?post=281"},{"taxonomy":"product_tag","embeddable":true,"href":"https:\/\/ficcunha.com.br\/oficinas\/wp-json\/wp\/v2\/product_tag?post=281"}],"curies":[{"name":"wp","href":"https:\/\/api.w.org\/{rel}","templated":true}]}}