{"id":283,"date":"2026-04-04T22:50:27","date_gmt":"2026-04-04T22:50:27","guid":{"rendered":"https:\/\/ficcunha.com.br\/oficinas\/?post_type=product&#038;p=283"},"modified":"2026-04-24T00:01:08","modified_gmt":"2026-04-24T00:01:08","slug":"do-barro-ao-simbolo-construcao-de-narrativa-em-relevo","status":"publish","type":"product","link":"https:\/\/ficcunha.com.br\/oficinas\/product\/do-barro-ao-simbolo-construcao-de-narrativa-em-relevo\/","title":{"rendered":"Do barro ao s\u00edmbolo: constru\u00e7\u00e3o de narrativa em relevo"},"content":{"rendered":"<p>Nesta oficina, Joelito Modesto dos Reis convida os participantes a irem al\u00e9m da t\u00e9cnica, explorando a cer\u00e2mica como linguagem de express\u00e3o. A partir da modelagem em placa e do trabalho em relevo, cada participante ser\u00e1 conduzido a transformar refer\u00eancias pessoais, culturais e afetivas em composi\u00e7\u00f5es simb\u00f3licas no barro.<\/p>\n<p>Mais do que aprender a construir uma pe\u00e7a, a proposta \u00e9 compreender como a mat\u00e9ria se torna narrativa \u2014 onde gesto, textura e forma revelam hist\u00f3rias, mem\u00f3rias e identidades. Uma experi\u00eancia voltada a ceramistas que desejam aprofundar seu olhar autoral e expandir suas possibilidades criativas.<\/p>\n","protected":false},"excerpt":{"rendered":"<p>Nesta oficina, Joelito Modesto dos Reis convida os participantes a irem al\u00e9m da t\u00e9cnica, explorando a cer\u00e2mica como linguagem de express\u00e3o. A partir da modelagem em placa e do trabalho em relevo, cada participante ser\u00e1 conduzido a transformar refer\u00eancias pessoais, culturais e afetivas em composi\u00e7\u00f5es simb\u00f3licas no barro. Mais do que aprender a construir uma [&hellip;]<\/p>\n","protected":false},"featured_media":284,"comment_status":"open","ping_status":"closed","template":"","meta":{"_acf_changed":false,"inline_featured_image":false},"product_brand":[],"product_cat":[44,43],"product_tag":[],"class_list":{"0":"post-283","1":"product","2":"type-product","3":"status-publish","4":"has-post-thumbnail","6":"product_cat-avancado","7":"product_cat-intermediario","9":"first","10":"outofstock","11":"downloadable","12":"virtual","13":"purchasable","14":"product-type-simple"},"acf":{"data_de_inicio":"20260605","data_de_termino":null,"horario_de_inicio":"14:00:00","horario_de_termino":"18:00:00","observacoes_datas":"","duracao":"1 dia","requisitos":"Experi\u00eancia com cer\u00e2mica manual. Caso deseje, traga uma refer\u00eancia pessoal (imagem, objeto ou mem\u00f3ria) que represente suas \u201cra\u00edzes\u201d.","nome_do_endereco":"Centrol Cultural Elias Jos\u00e9 Abdalla - Cinema de Cunha","rua":"R. Dom Lino. De frente ao Mercado Municipal","numero":"","bairro":"Centro","link_google_maps":"https:\/\/maps.app.goo.gl\/hd5JdDKZ2jYfdR7H8","facilitador":[236],"observacoes_oficina":""},"aioseo_notices":[],"_links":{"self":[{"href":"https:\/\/ficcunha.com.br\/oficinas\/wp-json\/wp\/v2\/product\/283","targetHints":{"allow":["GET"]}}],"collection":[{"href":"https:\/\/ficcunha.com.br\/oficinas\/wp-json\/wp\/v2\/product"}],"about":[{"href":"https:\/\/ficcunha.com.br\/oficinas\/wp-json\/wp\/v2\/types\/product"}],"replies":[{"embeddable":true,"href":"https:\/\/ficcunha.com.br\/oficinas\/wp-json\/wp\/v2\/comments?post=283"}],"acf:post":[{"embeddable":true,"href":"https:\/\/ficcunha.com.br\/oficinas\/wp-json\/wp\/v2\/facilitador\/236"}],"wp:featuredmedia":[{"embeddable":true,"href":"https:\/\/ficcunha.com.br\/oficinas\/wp-json\/wp\/v2\/media\/284"}],"wp:attachment":[{"href":"https:\/\/ficcunha.com.br\/oficinas\/wp-json\/wp\/v2\/media?parent=283"}],"wp:term":[{"taxonomy":"product_brand","embeddable":true,"href":"https:\/\/ficcunha.com.br\/oficinas\/wp-json\/wp\/v2\/product_brand?post=283"},{"taxonomy":"product_cat","embeddable":true,"href":"https:\/\/ficcunha.com.br\/oficinas\/wp-json\/wp\/v2\/product_cat?post=283"},{"taxonomy":"product_tag","embeddable":true,"href":"https:\/\/ficcunha.com.br\/oficinas\/wp-json\/wp\/v2\/product_tag?post=283"}],"curies":[{"name":"wp","href":"https:\/\/api.w.org\/{rel}","templated":true}]}}