{"id":339,"date":"2026-04-13T17:48:43","date_gmt":"2026-04-13T17:48:43","guid":{"rendered":"https:\/\/ficcunha.com.br\/oficinas\/?post_type=product&#038;p=339"},"modified":"2026-04-18T03:44:00","modified_gmt":"2026-04-18T03:44:00","slug":"ceramica-para-criancas-copia","status":"publish","type":"product","link":"https:\/\/ficcunha.com.br\/oficinas\/product\/ceramica-para-criancas-copia\/","title":{"rendered":"Cer\u00e2mica para crian\u00e7as"},"content":{"rendered":"<p>T\u00e9cnica de pinch pot. <\/p>\n<p>Basicamente, ela consiste em moldar a argila apenas com as m\u00e3os, sem o uso de torno. Voc\u00ea come\u00e7a com uma bolinha de argila e, com o polegar, faz uma abertura no centro. A partir da\u00ed, vai \u201cbeliscando\u201d  as paredes com os dedos, girando a pe\u00e7a aos poucos at\u00e9 formar um recipiente \u2014 como um potinho, tigela ou at\u00e9 formas mais org\u00e2nicas.<\/p>\n","protected":false},"excerpt":{"rendered":"<p>T\u00e9cnica de pinch pot. Basicamente, ela consiste em moldar a argila apenas com as m\u00e3os, sem o uso de torno. Voc\u00ea come\u00e7a com uma bolinha de argila e, com o polegar, faz uma abertura no centro. A partir da\u00ed, vai \u201cbeliscando\u201d as paredes com os dedos, girando a pe\u00e7a aos poucos at\u00e9 formar um recipiente [&hellip;]<\/p>\n","protected":false},"featured_media":338,"comment_status":"open","ping_status":"closed","template":"","meta":{"_acf_changed":false,"inline_featured_image":false},"product_brand":[],"product_cat":[45],"product_tag":[],"class_list":{"0":"post-339","1":"product","2":"type-product","3":"status-publish","4":"has-post-thumbnail","6":"product_cat-infantil","8":"first","9":"instock","10":"downloadable","11":"virtual","12":"purchasable","13":"product-type-simple"},"acf":{"data_de_inicio":"20260605","data_de_termino":"20260605","horario_de_inicio":"10:00:00","horario_de_termino":"11:00:00","observacoes_datas":"05\/06 - Das 10h as 11h","duracao":"1","requisitos":"Nenhum","nome_do_endereco":"Pra\u00e7a de Alimenta\u00e7\u00e3o - FICC","rua":"Parque Lavap\u00e9s, Quadra de t\u00eanis","numero":"S\/N","bairro":"Centro","link_google_maps":"https:\/\/maps.app.goo.gl\/ka6TbSxRvhKRrHQB6","facilitador":[220],"observacoes_oficina":"Coloque nas observa\u00e7\u00f5es o nome das crian\u00e7as que far\u00e3o o Workshop."},"aioseo_notices":[],"_links":{"self":[{"href":"https:\/\/ficcunha.com.br\/oficinas\/wp-json\/wp\/v2\/product\/339","targetHints":{"allow":["GET"]}}],"collection":[{"href":"https:\/\/ficcunha.com.br\/oficinas\/wp-json\/wp\/v2\/product"}],"about":[{"href":"https:\/\/ficcunha.com.br\/oficinas\/wp-json\/wp\/v2\/types\/product"}],"replies":[{"embeddable":true,"href":"https:\/\/ficcunha.com.br\/oficinas\/wp-json\/wp\/v2\/comments?post=339"}],"acf:post":[{"embeddable":true,"href":"https:\/\/ficcunha.com.br\/oficinas\/wp-json\/wp\/v2\/facilitador\/220"}],"wp:featuredmedia":[{"embeddable":true,"href":"https:\/\/ficcunha.com.br\/oficinas\/wp-json\/wp\/v2\/media\/338"}],"wp:attachment":[{"href":"https:\/\/ficcunha.com.br\/oficinas\/wp-json\/wp\/v2\/media?parent=339"}],"wp:term":[{"taxonomy":"product_brand","embeddable":true,"href":"https:\/\/ficcunha.com.br\/oficinas\/wp-json\/wp\/v2\/product_brand?post=339"},{"taxonomy":"product_cat","embeddable":true,"href":"https:\/\/ficcunha.com.br\/oficinas\/wp-json\/wp\/v2\/product_cat?post=339"},{"taxonomy":"product_tag","embeddable":true,"href":"https:\/\/ficcunha.com.br\/oficinas\/wp-json\/wp\/v2\/product_tag?post=339"}],"curies":[{"name":"wp","href":"https:\/\/api.w.org\/{rel}","templated":true}]}}