{"id":349,"date":"2026-04-13T19:36:10","date_gmt":"2026-04-13T19:36:10","guid":{"rendered":"https:\/\/ficcunha.com.br\/oficinas\/?post_type=product&#038;p=349"},"modified":"2026-04-18T03:44:00","modified_gmt":"2026-04-18T03:44:00","slug":"brincar-com-o-barro-frutas-e-sementes-2","status":"publish","type":"product","link":"https:\/\/ficcunha.com.br\/oficinas\/product\/brincar-com-o-barro-frutas-e-sementes-2\/","title":{"rendered":"Brincar com o Barro: Frutas e Sementes"},"content":{"rendered":"<p>Nesta oficina, as crian\u00e7as v\u00e3o brincar de fazer frutas, sementes e pequenas formas da natureza usando o barro. Com t\u00e9cnicas simples de modelagem, como fazer bolinhas, rolinhos e apertar com as m\u00e3os, cada participante poder\u00e1 inventar suas pr\u00f3prias cria\u00e7\u00f5es.<br \/>\nA proposta \u00e9 estimular a imagina\u00e7\u00e3o, o contato com a natureza e a liberdade de inventar e modelar suas pr\u00f3prias formas<\/p>\n","protected":false},"excerpt":{"rendered":"<p>Nesta oficina, as crian\u00e7as v\u00e3o brincar de fazer frutas, sementes e pequenas formas da natureza usando o barro. Com t\u00e9cnicas simples de modelagem, como fazer bolinhas, rolinhos e apertar com as m\u00e3os, cada participante poder\u00e1 inventar suas pr\u00f3prias cria\u00e7\u00f5es. A proposta \u00e9 estimular a imagina\u00e7\u00e3o, o contato com a natureza e a liberdade de inventar [&hellip;]<\/p>\n","protected":false},"featured_media":261,"comment_status":"open","ping_status":"closed","template":"","meta":{"_acf_changed":false,"inline_featured_image":false},"product_brand":[],"product_cat":[45],"product_tag":[],"class_list":{"0":"post-349","1":"product","2":"type-product","3":"status-publish","4":"has-post-thumbnail","6":"product_cat-infantil","8":"first","9":"instock","10":"downloadable","11":"virtual","12":"purchasable","13":"product-type-simple"},"acf":{"data_de_inicio":"20260605","data_de_termino":"20260605","horario_de_inicio":"16:00:00","horario_de_termino":"17:00:00","observacoes_datas":"05\/06 - Das 16h as 17h","duracao":"1 dia","requisitos":"Para crian\u00e7as","nome_do_endereco":"Pra\u00e7a de Alimenta\u00e7\u00e3o - FICC","rua":"Parque Lavap\u00e9s, Quadra de t\u00eanis","numero":"","bairro":"Centro","link_google_maps":"https:\/\/maps.app.goo.gl\/WwHN4jot9UuMhSEg7","facilitador":[223],"observacoes_oficina":"Coloque nas observa\u00e7\u00f5es o nome das crian\u00e7as que far\u00e3o o Workshop."},"aioseo_notices":[],"_links":{"self":[{"href":"https:\/\/ficcunha.com.br\/oficinas\/wp-json\/wp\/v2\/product\/349","targetHints":{"allow":["GET"]}}],"collection":[{"href":"https:\/\/ficcunha.com.br\/oficinas\/wp-json\/wp\/v2\/product"}],"about":[{"href":"https:\/\/ficcunha.com.br\/oficinas\/wp-json\/wp\/v2\/types\/product"}],"replies":[{"embeddable":true,"href":"https:\/\/ficcunha.com.br\/oficinas\/wp-json\/wp\/v2\/comments?post=349"}],"acf:post":[{"embeddable":true,"href":"https:\/\/ficcunha.com.br\/oficinas\/wp-json\/wp\/v2\/facilitador\/223"}],"wp:featuredmedia":[{"embeddable":true,"href":"https:\/\/ficcunha.com.br\/oficinas\/wp-json\/wp\/v2\/media\/261"}],"wp:attachment":[{"href":"https:\/\/ficcunha.com.br\/oficinas\/wp-json\/wp\/v2\/media?parent=349"}],"wp:term":[{"taxonomy":"product_brand","embeddable":true,"href":"https:\/\/ficcunha.com.br\/oficinas\/wp-json\/wp\/v2\/product_brand?post=349"},{"taxonomy":"product_cat","embeddable":true,"href":"https:\/\/ficcunha.com.br\/oficinas\/wp-json\/wp\/v2\/product_cat?post=349"},{"taxonomy":"product_tag","embeddable":true,"href":"https:\/\/ficcunha.com.br\/oficinas\/wp-json\/wp\/v2\/product_tag?post=349"}],"curies":[{"name":"wp","href":"https:\/\/api.w.org\/{rel}","templated":true}]}}