{"id":374,"date":"2026-04-14T16:45:08","date_gmt":"2026-04-14T16:45:08","guid":{"rendered":"https:\/\/ficcunha.com.br\/oficinas\/?post_type=product&#038;p=374"},"modified":"2026-04-23T17:35:50","modified_gmt":"2026-04-23T17:35:50","slug":"raku-metalico-uma-experiencia-entre-fogo-quimica-e-poesia","status":"publish","type":"product","link":"https:\/\/ficcunha.com.br\/oficinas\/product\/raku-metalico-uma-experiencia-entre-fogo-quimica-e-poesia\/","title":{"rendered":"Raku Met\u00e1lico &#8211; Uma experi\u00eancia entre fogo, qu\u00edmica e poesia"},"content":{"rendered":"<p>Eleve seu repert\u00f3rio t\u00e9cnico nesta imers\u00e3o dedicada a uma das queimas mais perform\u00e1ticas da cer\u00e2mica. O Raku Met\u00e1lico desafia o ceramista a dominar o di\u00e1logo entre \u00f3xidos de cobre e ferro e a atmosfera de redu\u00e7\u00e3o, resultando em superf\u00edcies iridiscences e metalizadas imposs\u00edveis de serem replicadas em processos convencionais.<\/p>\n<p>O que ser\u00e1 explorado:<\/p>\n<p>Qu\u00edmica dos Metais: A aplica\u00e7\u00e3o e rea\u00e7\u00e3o de \u00f3xidos met\u00e1licos sob estresse t\u00e9rmico.<\/p>\n<p>Controle de Atmosfera: Pr\u00e1ticas de oxida\u00e7\u00e3o e redu\u00e7\u00e3o p\u00f3s-retirada do forno.<\/p>\n<p>Est\u00e9tica do Acaso: Como direcionar os resultados de cores e texturas \u00fanicas que o choque t\u00e9rmico e a fuma\u00e7a proporcionam.<\/p>\n<p>&nbsp;<\/p>\n","protected":false},"excerpt":{"rendered":"<p>Eleve seu repert\u00f3rio t\u00e9cnico nesta imers\u00e3o dedicada a uma das queimas mais perform\u00e1ticas da cer\u00e2mica. O Raku Met\u00e1lico desafia o ceramista a dominar o di\u00e1logo entre \u00f3xidos de cobre e ferro e a atmosfera de redu\u00e7\u00e3o, resultando em superf\u00edcies iridiscences e metalizadas imposs\u00edveis de serem replicadas em processos convencionais. O que ser\u00e1 explorado: Qu\u00edmica dos [&hellip;]<\/p>\n","protected":false},"featured_media":347,"comment_status":"open","ping_status":"closed","template":"","meta":{"_acf_changed":false,"inline_featured_image":false},"product_brand":[],"product_cat":[42],"product_tag":[],"class_list":{"0":"post-374","1":"product","2":"type-product","3":"status-publish","4":"has-post-thumbnail","6":"product_cat-iniciante","8":"first","9":"instock","10":"downloadable","11":"virtual","12":"purchasable","13":"product-type-simple"},"acf":{"data_de_inicio":"20260602","data_de_termino":null,"horario_de_inicio":"14:00:00","horario_de_termino":"17:00:00","observacoes_datas":"","duracao":"1 dia","requisitos":"Cada aluno deve trazer 01 (uma) pe\u00e7a biscoitada, com dimens\u00f5es m\u00e1ximas de 15x15x15 cm. \u00c9 imprescind\u00edvel que a pe\u00e7a seja confeccionada em argila para Raku (com chamote) para suportar o choque t\u00e9rmico extremo. Caso n\u00e3o disponha de pe\u00e7a pr\u00f3pria, teremos pe\u00e7as biscoitadas adequadas dispon\u00edveis para aquisi\u00e7\u00e3o no local.","nome_do_endereco":"Atelier Fl\u00e1via Santoro","rua":"Rodovia Salvador Pacetti km 61 ","numero":"","bairro":"Estrada de Paraty","link_google_maps":"https:\/\/maps.app.goo.gl\/GAAViSb6GVQ7jv1Y7","facilitador":[292],"observacoes_oficina":""},"aioseo_notices":[],"_links":{"self":[{"href":"https:\/\/ficcunha.com.br\/oficinas\/wp-json\/wp\/v2\/product\/374","targetHints":{"allow":["GET"]}}],"collection":[{"href":"https:\/\/ficcunha.com.br\/oficinas\/wp-json\/wp\/v2\/product"}],"about":[{"href":"https:\/\/ficcunha.com.br\/oficinas\/wp-json\/wp\/v2\/types\/product"}],"replies":[{"embeddable":true,"href":"https:\/\/ficcunha.com.br\/oficinas\/wp-json\/wp\/v2\/comments?post=374"}],"acf:post":[{"embeddable":true,"href":"https:\/\/ficcunha.com.br\/oficinas\/wp-json\/wp\/v2\/facilitador\/292"}],"wp:featuredmedia":[{"embeddable":true,"href":"https:\/\/ficcunha.com.br\/oficinas\/wp-json\/wp\/v2\/media\/347"}],"wp:attachment":[{"href":"https:\/\/ficcunha.com.br\/oficinas\/wp-json\/wp\/v2\/media?parent=374"}],"wp:term":[{"taxonomy":"product_brand","embeddable":true,"href":"https:\/\/ficcunha.com.br\/oficinas\/wp-json\/wp\/v2\/product_brand?post=374"},{"taxonomy":"product_cat","embeddable":true,"href":"https:\/\/ficcunha.com.br\/oficinas\/wp-json\/wp\/v2\/product_cat?post=374"},{"taxonomy":"product_tag","embeddable":true,"href":"https:\/\/ficcunha.com.br\/oficinas\/wp-json\/wp\/v2\/product_tag?post=374"}],"curies":[{"name":"wp","href":"https:\/\/api.w.org\/{rel}","templated":true}]}}