{"id":377,"date":"2026-04-14T21:56:54","date_gmt":"2026-04-14T21:56:54","guid":{"rendered":"https:\/\/ficcunha.com.br\/oficinas\/?post_type=product&#038;p=377"},"modified":"2026-04-23T20:29:04","modified_gmt":"2026-04-23T20:29:04","slug":"xvi-queima-do-forno-smokeless","status":"publish","type":"product","link":"https:\/\/ficcunha.com.br\/oficinas\/product\/xvi-queima-do-forno-smokeless\/","title":{"rendered":"XVI Queima do Forno Smokeless"},"content":{"rendered":"<p>A Oficina da XVI Queima no Forno Smokeless \u00e9 um convite para voc\u00ea colocar a m\u00e3o na massa, entender o comportamento do fogo e vivenciar a for\u00e7a do trabalho coletivo. Inspirado nos princ\u00edpios do milenar forno Anagama, o nosso Smokeless foi projetado com um objetivo claro: alcan\u00e7ar resultados incr\u00edveis emitindo pouca fuma\u00e7a para a atmosfera.<\/p>\n<p>Durante o processo, as cinzas da lenha de eucalipto viajam pelo interior do forno e derretem sobre as pe\u00e7as, criando um esmalte natural imprevis\u00edvel, r\u00fastico e absolutamente \u00fanico. Nenhuma pe\u00e7a sai do forno igual \u00e0 outra.<\/p>\n<p>A queima a lenha \u00e9 um trabalho de comunidade. Durante o processo, que dura entre 35 e 40 horas cont\u00ednuas, os participantes se dividem em turnos e acompanham o forno de perto. Voc\u00ea n\u00e3o \u00e9 apenas um observador, voc\u00ea faz parte do processo.<\/p>\n<p>\u2022 A Montagem (Enforna): Aprenda a pensar o espa\u00e7o do forno, estudando o fluxo do fogo e a melhor posi\u00e7\u00e3o para que cada pe\u00e7a receba as cinzas de eucalipto de forma estrat\u00e9gica.<\/p>\n<p>\u2022 O Fogo: Entenda as curvas de temperatura, o ritmo da alimenta\u00e7\u00e3o com a lenha e a leitura da atmosfera interna do forno.<\/p>\n<p>\u2022 O Coletivo: Troca de repert\u00f3rio, hist\u00f3rias de ateli\u00ea e muito aprendizado colaborativo durante os turnos de queima.<\/p>\n<p>\u2022 A Abertura: O momento mais esperado de todos! A emo\u00e7\u00e3o de descobrir e mostrar ao mundo o resultado do esmalte natural e o impacto do fogo no barro.<\/p>\n<p>Cada participante tem o direito de queimar:<\/p>\n<p>15 a 20 pe\u00e7as com medidas m\u00e1ximas de 10cm de altura x 15cm de di\u00e2metro (\u00d8) + 10 pe\u00e7as com medidas m\u00e1ximas de 7cm de altura x 5cm de di\u00e2metro (\u00d8).<\/p>\n","protected":false},"excerpt":{"rendered":"<p>A Oficina da XVI Queima no Forno Smokeless \u00e9 um convite para voc\u00ea colocar a m\u00e3o na massa, entender o comportamento do fogo e vivenciar a for\u00e7a do trabalho coletivo. Inspirado nos princ\u00edpios do milenar forno Anagama, o nosso Smokeless foi projetado com um objetivo claro: alcan\u00e7ar resultados incr\u00edveis emitindo pouca fuma\u00e7a para a atmosfera. [&hellip;]<\/p>\n","protected":false},"featured_media":378,"comment_status":"open","ping_status":"closed","template":"","meta":{"_acf_changed":false,"inline_featured_image":false},"product_brand":[],"product_cat":[44,43],"product_tag":[47,48,46],"class_list":{"0":"post-377","1":"product","2":"type-product","3":"status-publish","4":"has-post-thumbnail","6":"product_cat-avancado","7":"product_cat-intermediario","8":"product_tag-forno-a-lenha","9":"product_tag-queima","10":"product_tag-smokeless","12":"first","13":"instock","14":"featured","15":"downloadable","16":"virtual","17":"purchasable","18":"product-type-simple"},"acf":{"data_de_inicio":"20260529","data_de_termino":"20260606","horario_de_inicio":"09:00:00","horario_de_termino":"23:00:00","observacoes_datas":"29\/05 - 09h - Montagem do Forno\r\n29\/05 - 23h - In\u00edcio da queima \r\n30\/05 - Dia todo\r\n31\/05 - Dia todo\r\nPausa para o resfriamento \r\n06\/06 - 11h - Abertura","duracao":"5 dias","requisitos":"Todas as pe\u00e7as devem chegar j\u00e1 biscoitadas. Pedimos que voc\u00ea traga 5 pe\u00e7as a mais. Como a montagem do forno \u00e9 imprevis\u00edvel, caso falte volume para o preenchimento ideal ou sobrem pequenos buracos na bancada, usaremos essas pe\u00e7as extras para completar os espa\u00e7os vazios e otimizar o fluxo do fogo! ","nome_do_endereco":"ICCC","rua":"Rua Zenaide F T Leite","numero":"","bairro":"Centro","link_google_maps":"https:\/\/maps.app.goo.gl\/HnztMnxDtB1QxJvh7","facilitador":[376],"observacoes_oficina":""},"aioseo_notices":[],"_links":{"self":[{"href":"https:\/\/ficcunha.com.br\/oficinas\/wp-json\/wp\/v2\/product\/377","targetHints":{"allow":["GET"]}}],"collection":[{"href":"https:\/\/ficcunha.com.br\/oficinas\/wp-json\/wp\/v2\/product"}],"about":[{"href":"https:\/\/ficcunha.com.br\/oficinas\/wp-json\/wp\/v2\/types\/product"}],"replies":[{"embeddable":true,"href":"https:\/\/ficcunha.com.br\/oficinas\/wp-json\/wp\/v2\/comments?post=377"}],"acf:post":[{"embeddable":true,"href":"https:\/\/ficcunha.com.br\/oficinas\/wp-json\/wp\/v2\/facilitador\/376"}],"wp:featuredmedia":[{"embeddable":true,"href":"https:\/\/ficcunha.com.br\/oficinas\/wp-json\/wp\/v2\/media\/378"}],"wp:attachment":[{"href":"https:\/\/ficcunha.com.br\/oficinas\/wp-json\/wp\/v2\/media?parent=377"}],"wp:term":[{"taxonomy":"product_brand","embeddable":true,"href":"https:\/\/ficcunha.com.br\/oficinas\/wp-json\/wp\/v2\/product_brand?post=377"},{"taxonomy":"product_cat","embeddable":true,"href":"https:\/\/ficcunha.com.br\/oficinas\/wp-json\/wp\/v2\/product_cat?post=377"},{"taxonomy":"product_tag","embeddable":true,"href":"https:\/\/ficcunha.com.br\/oficinas\/wp-json\/wp\/v2\/product_tag?post=377"}],"curies":[{"name":"wp","href":"https:\/\/api.w.org\/{rel}","templated":true}]}}