{"id":379,"date":"2026-04-14T22:24:43","date_gmt":"2026-04-14T22:24:43","guid":{"rendered":"https:\/\/ficcunha.com.br\/oficinas\/?post_type=product&#038;p=379"},"modified":"2026-04-23T20:19:24","modified_gmt":"2026-04-23T20:19:24","slug":"chaleira-para-fogo-direto","status":"publish","type":"product","link":"https:\/\/ficcunha.com.br\/oficinas\/product\/chaleira-para-fogo-direto\/","title":{"rendered":"Chaleira para fogo direto"},"content":{"rendered":"<p>\u201cPode ir ao fogo?\u201d<br \/>\nEssa \u00e9, h\u00e1 anos, a pergunta que mais recebo.<\/p>\n<p>Depois de 8 anos dedicados \u00e0 cria\u00e7\u00e3o de bules, chegou o momento de realizar um antigo desejo: desenvolver chaleiras que possam ir diretamente ao fogo \u2014 como aquelas que habitavam os fog\u00f5es a lenha e as cozinhas cheias de mem\u00f3ria das casas de v\u00f3.<\/p>\n<p>Nesta oficina, convido voc\u00ea a mergulhar na modelagem manual para criar sua pr\u00f3pria chaleira: uma pe\u00e7a \u00fanica, pensada para resistir ao uso e carregar personalidade.<\/p>\n<p>Voc\u00ea vai aprender a preparar a argila para fogo direto e a explorar formas e encaixes com aten\u00e7\u00e3o especial \u00e0 durabilidade no uso sobre a chama.<\/p>\n<p>N\u00e3o \u00e9 necess\u00e1rio ter experi\u00eancia pr\u00e9via com cer\u00e2mica \u2014 apenas vontade de experimentar e criar com as m\u00e3os.<\/p>\n<p>Todos os materiais inclusos. Queima n\u00e3o inclusa.<\/p>\n","protected":false},"excerpt":{"rendered":"<p>\u201cPode ir ao fogo?\u201d Essa \u00e9, h\u00e1 anos, a pergunta que mais recebo. Depois de 8 anos dedicados \u00e0 cria\u00e7\u00e3o de bules, chegou o momento de realizar um antigo desejo: desenvolver chaleiras que possam ir diretamente ao fogo \u2014 como aquelas que habitavam os fog\u00f5es a lenha e as cozinhas cheias de mem\u00f3ria das casas [&hellip;]<\/p>\n","protected":false},"featured_media":396,"comment_status":"open","ping_status":"closed","template":"","meta":{"_acf_changed":false,"inline_featured_image":false},"product_brand":[],"product_cat":[44,42,43],"product_tag":[],"class_list":{"0":"post-379","1":"product","2":"type-product","3":"status-publish","4":"has-post-thumbnail","6":"product_cat-avancado","7":"product_cat-iniciante","8":"product_cat-intermediario","10":"first","11":"instock","12":"downloadable","13":"virtual","14":"purchasable","15":"product-type-simple"},"acf":{"data_de_inicio":"20260605","data_de_termino":null,"horario_de_inicio":"08:30:00","horario_de_termino":"13:30:00","observacoes_datas":"","duracao":"1 dia","requisitos":"Nenhum","nome_do_endereco":"Casa do Lago, Deck interno","rua":"R. Jos\u00e9 Arantes Filho","numero":85,"bairro":"Vila Rica","link_google_maps":"https:\/\/maps.app.goo.gl\/dMuDJGnYTj8Anh4i9","facilitador":[381],"observacoes_oficina":""},"aioseo_notices":[],"_links":{"self":[{"href":"https:\/\/ficcunha.com.br\/oficinas\/wp-json\/wp\/v2\/product\/379","targetHints":{"allow":["GET"]}}],"collection":[{"href":"https:\/\/ficcunha.com.br\/oficinas\/wp-json\/wp\/v2\/product"}],"about":[{"href":"https:\/\/ficcunha.com.br\/oficinas\/wp-json\/wp\/v2\/types\/product"}],"replies":[{"embeddable":true,"href":"https:\/\/ficcunha.com.br\/oficinas\/wp-json\/wp\/v2\/comments?post=379"}],"acf:post":[{"embeddable":true,"href":"https:\/\/ficcunha.com.br\/oficinas\/wp-json\/wp\/v2\/facilitador\/381"}],"wp:featuredmedia":[{"embeddable":true,"href":"https:\/\/ficcunha.com.br\/oficinas\/wp-json\/wp\/v2\/media\/396"}],"wp:attachment":[{"href":"https:\/\/ficcunha.com.br\/oficinas\/wp-json\/wp\/v2\/media?parent=379"}],"wp:term":[{"taxonomy":"product_brand","embeddable":true,"href":"https:\/\/ficcunha.com.br\/oficinas\/wp-json\/wp\/v2\/product_brand?post=379"},{"taxonomy":"product_cat","embeddable":true,"href":"https:\/\/ficcunha.com.br\/oficinas\/wp-json\/wp\/v2\/product_cat?post=379"},{"taxonomy":"product_tag","embeddable":true,"href":"https:\/\/ficcunha.com.br\/oficinas\/wp-json\/wp\/v2\/product_tag?post=379"}],"curies":[{"name":"wp","href":"https:\/\/api.w.org\/{rel}","templated":true}]}}