{"id":385,"date":"2026-04-14T23:28:45","date_gmt":"2026-04-14T23:28:45","guid":{"rendered":"https:\/\/ficcunha.com.br\/oficinas\/?post_type=product&#038;p=385"},"modified":"2026-04-24T14:58:24","modified_gmt":"2026-04-24T14:58:24","slug":"criacao-de-garrafas-sonoras-pre-colombianas","status":"publish","type":"product","link":"https:\/\/ficcunha.com.br\/oficinas\/product\/criacao-de-garrafas-sonoras-pre-colombianas\/","title":{"rendered":"Cria\u00e7\u00e3o de Garrafas Sonoras Pr\u00e9-colombianas"},"content":{"rendered":"<p>Voc\u00ea sabia que o barro pode cantar? H\u00e1 milhares de anos, os povos andinos descobriram como unir \u00e1gua, ar e argila para imitar perfeitamente o canto dos p\u00e1ssaros e os sons da natureza. Nesta oficina m\u00e1gica e imersiva com Taki Runa, voc\u00ea n\u00e3o vai apenas modelar uma pe\u00e7a, voc\u00ea vai construir o seu pr\u00f3prio instrumento musical e ritual\u00edstico.<\/p>\n<p>O que voc\u00ea vai viver (e criar):<\/p>\n<p>M\u00e3o na Massa: Aprenda o passo a passo para modelar a sua pr\u00f3pria &#8220;Garrafa Sonora&#8221;, entendendo a engenharia ancestral por tr\u00e1s do formato da pe\u00e7a.<\/p>\n<p>O Sopro da Vida: Descubra como a mec\u00e2nica h\u00eddrica funciona dentro da cer\u00e2mica para que, ao movimentar a \u00e1gua ou soprar, sua pe\u00e7a reproduza o som da natureza.<\/p>\n<p>Conex\u00e3o Sonora: Uma verdadeira viv\u00eancia de relaxamento e escuta, conectando a vibra\u00e7\u00e3o do som, os elementos da terra e a sabedoria dos povos origin\u00e1rios.<\/p>\n","protected":false},"excerpt":{"rendered":"<p>Voc\u00ea sabia que o barro pode cantar? H\u00e1 milhares de anos, os povos andinos descobriram como unir \u00e1gua, ar e argila para imitar perfeitamente o canto dos p\u00e1ssaros e os sons da natureza. Nesta oficina m\u00e1gica e imersiva com Taki Runa, voc\u00ea n\u00e3o vai apenas modelar uma pe\u00e7a, voc\u00ea vai construir o seu pr\u00f3prio instrumento [&hellip;]<\/p>\n","protected":false},"featured_media":386,"comment_status":"open","ping_status":"closed","template":"","meta":{"_acf_changed":false,"inline_featured_image":false},"product_brand":[],"product_cat":[42],"product_tag":[],"class_list":{"0":"post-385","1":"product","2":"type-product","3":"status-publish","4":"has-post-thumbnail","6":"product_cat-iniciante","8":"first","9":"instock","10":"downloadable","11":"virtual","12":"purchasable","13":"product-type-simple"},"acf":{"data_de_inicio":"20260605","data_de_termino":"20260606","horario_de_inicio":"09:00:00","horario_de_termino":"12:00:00","observacoes_datas":"05\/06 e 06\/06 - das 9h as 12h","duracao":"2 dias","requisitos":"Nenhum conhecimento musical ou cer\u00e2mico \u00e9 necess\u00e1rio. Venha dar voz ao barro!","nome_do_endereco":"Centro Cultural Elias Jos\u00e9 Abdalla - Cinema de Cunha","rua":"Rua Dom Lino, em frente ao Mercado Municipal","numero":"","bairro":"Centro","link_google_maps":"https:\/\/maps.app.goo.gl\/b7gaBKo6c9PY4Rng6","facilitador":[383],"observacoes_oficina":""},"aioseo_notices":[],"_links":{"self":[{"href":"https:\/\/ficcunha.com.br\/oficinas\/wp-json\/wp\/v2\/product\/385","targetHints":{"allow":["GET"]}}],"collection":[{"href":"https:\/\/ficcunha.com.br\/oficinas\/wp-json\/wp\/v2\/product"}],"about":[{"href":"https:\/\/ficcunha.com.br\/oficinas\/wp-json\/wp\/v2\/types\/product"}],"replies":[{"embeddable":true,"href":"https:\/\/ficcunha.com.br\/oficinas\/wp-json\/wp\/v2\/comments?post=385"}],"acf:post":[{"embeddable":true,"href":"https:\/\/ficcunha.com.br\/oficinas\/wp-json\/wp\/v2\/facilitador\/383"}],"wp:featuredmedia":[{"embeddable":true,"href":"https:\/\/ficcunha.com.br\/oficinas\/wp-json\/wp\/v2\/media\/386"}],"wp:attachment":[{"href":"https:\/\/ficcunha.com.br\/oficinas\/wp-json\/wp\/v2\/media?parent=385"}],"wp:term":[{"taxonomy":"product_brand","embeddable":true,"href":"https:\/\/ficcunha.com.br\/oficinas\/wp-json\/wp\/v2\/product_brand?post=385"},{"taxonomy":"product_cat","embeddable":true,"href":"https:\/\/ficcunha.com.br\/oficinas\/wp-json\/wp\/v2\/product_cat?post=385"},{"taxonomy":"product_tag","embeddable":true,"href":"https:\/\/ficcunha.com.br\/oficinas\/wp-json\/wp\/v2\/product_tag?post=385"}],"curies":[{"name":"wp","href":"https:\/\/api.w.org\/{rel}","templated":true}]}}