{"id":387,"date":"2026-04-14T19:30:37","date_gmt":"2026-04-14T19:30:37","guid":{"rendered":"https:\/\/ficcunha.com.br\/oficinas\/?post_type=product&#038;p=387"},"modified":"2026-04-24T12:07:21","modified_gmt":"2026-04-24T12:07:21","slug":"modelagem-manual-e-a-tecnica-da-vargem-do-tanque","status":"publish","type":"product","link":"https:\/\/ficcunha.com.br\/oficinas\/product\/modelagem-manual-e-a-tecnica-da-vargem-do-tanque\/","title":{"rendered":"Modelagem manual e a t\u00e9cnica da Vargem do Tanque"},"content":{"rendered":"<p>Desacelere e conecte-se com as verdadeiras ra\u00edzes da cer\u00e2mica de Cunha. Nesta viv\u00eancia imersiva, voc\u00ea aprender\u00e1 as t\u00e9cnicas tradicionais passadas de gera\u00e7\u00e3o em gera\u00e7\u00e3o pelos mestres de Vargem do Tanque. Um convite para colocar as m\u00e3os na terra, valorizando o fazer manual e os elementos da natureza em um processo simples, sens\u00edvel e relaxante.<\/p>\n<p>O que voc\u00ea vai viver (e criar):<\/p>\n<p>Do zero \u00e0 forma: Aprenda a modelar com as pr\u00f3prias m\u00e3os a sua pe\u00e7a utilit\u00e1ria (como uma tigela ou copo), sem uso de torno, apenas sentindo o barro.<\/p>\n<p>Cores da Terra (Engobes): Descubra como preparar e pintar sua pe\u00e7a usando pigmentos 100% naturais extra\u00eddos do nosso territ\u00f3rio.<\/p>\n<p>O Toque Final (Brunido): Experimente a t\u00e9cnica ancestral de polimento manual, que traz um brilho natural, suave e \u00fanico para a sua cria\u00e7\u00e3o, sem uso de esmaltes qu\u00edmicos.<\/p>\n","protected":false},"excerpt":{"rendered":"<p>Desacelere e conecte-se com as verdadeiras ra\u00edzes da cer\u00e2mica de Cunha. Nesta viv\u00eancia imersiva, voc\u00ea aprender\u00e1 as t\u00e9cnicas tradicionais passadas de gera\u00e7\u00e3o em gera\u00e7\u00e3o pelos mestres de Vargem do Tanque. Um convite para colocar as m\u00e3os na terra, valorizando o fazer manual e os elementos da natureza em um processo simples, sens\u00edvel e relaxante. O [&hellip;]<\/p>\n","protected":false},"featured_media":388,"comment_status":"open","ping_status":"closed","template":"","meta":{"_acf_changed":false,"inline_featured_image":false},"product_brand":[],"product_cat":[42],"product_tag":[],"class_list":{"0":"post-387","1":"product","2":"type-product","3":"status-publish","4":"has-post-thumbnail","6":"product_cat-iniciante","8":"first","9":"instock","10":"downloadable","11":"virtual","12":"purchasable","13":"product-type-simple"},"acf":{"data_de_inicio":"20260604","data_de_termino":null,"horario_de_inicio":"09:00:00","horario_de_termino":"13:00:00","observacoes_datas":"","duracao":"1 dia","requisitos":"Nenhuma experi\u00eancia pr\u00e9via \u00e9 necess\u00e1ria. Traga apenas sua curiosidade e vontade de criar!","nome_do_endereco":"ICCC","rua":"Rua Zenaide F T Leite","numero":"","bairro":"Centro","link_google_maps":"https:\/\/maps.app.goo.gl\/BJrpZ5XYwyEibQZJ9","facilitador":[389],"observacoes_oficina":""},"aioseo_notices":[],"_links":{"self":[{"href":"https:\/\/ficcunha.com.br\/oficinas\/wp-json\/wp\/v2\/product\/387","targetHints":{"allow":["GET"]}}],"collection":[{"href":"https:\/\/ficcunha.com.br\/oficinas\/wp-json\/wp\/v2\/product"}],"about":[{"href":"https:\/\/ficcunha.com.br\/oficinas\/wp-json\/wp\/v2\/types\/product"}],"replies":[{"embeddable":true,"href":"https:\/\/ficcunha.com.br\/oficinas\/wp-json\/wp\/v2\/comments?post=387"}],"acf:post":[{"embeddable":true,"href":"https:\/\/ficcunha.com.br\/oficinas\/wp-json\/wp\/v2\/facilitador\/389"}],"wp:featuredmedia":[{"embeddable":true,"href":"https:\/\/ficcunha.com.br\/oficinas\/wp-json\/wp\/v2\/media\/388"}],"wp:attachment":[{"href":"https:\/\/ficcunha.com.br\/oficinas\/wp-json\/wp\/v2\/media?parent=387"}],"wp:term":[{"taxonomy":"product_brand","embeddable":true,"href":"https:\/\/ficcunha.com.br\/oficinas\/wp-json\/wp\/v2\/product_brand?post=387"},{"taxonomy":"product_cat","embeddable":true,"href":"https:\/\/ficcunha.com.br\/oficinas\/wp-json\/wp\/v2\/product_cat?post=387"},{"taxonomy":"product_tag","embeddable":true,"href":"https:\/\/ficcunha.com.br\/oficinas\/wp-json\/wp\/v2\/product_tag?post=387"}],"curies":[{"name":"wp","href":"https:\/\/api.w.org\/{rel}","templated":true}]}}