{"id":391,"date":"2026-04-15T00:50:12","date_gmt":"2026-04-15T00:50:12","guid":{"rendered":"https:\/\/ficcunha.com.br\/oficinas\/?post_type=product&#038;p=391"},"modified":"2026-04-24T10:59:25","modified_gmt":"2026-04-24T10:59:25","slug":"laboratorio-coletivo-de-monoimpressao-sobre-barro","status":"publish","type":"product","link":"https:\/\/ficcunha.com.br\/oficinas\/product\/laboratorio-coletivo-de-monoimpressao-sobre-barro\/","title":{"rendered":"Laborat\u00f3rio Coletivo de Monoimpress\u00e3o no Barro"},"content":{"rendered":"<p>Suje as m\u00e3os, desperte sua criatividade e fa\u00e7a parte de uma obra de arte viva! Neste laborat\u00f3rio pr\u00e1tico, voc\u00ea n\u00e3o precisa de experi\u00eancia pr\u00e9via. Vamos explorar juntos a magia de transferir desenhos, cores e texturas de tecidos e pap\u00e9is diretamente para a argila fresca.<\/p>\n<p>O que vai acontecer?<\/p>\n<p>Dia 1 (05\/06 das 9h as 13h): A Cria\u00e7\u00e3o &#8211; Aprenda t\u00e9cnicas intuitivas de pintura e impress\u00e3o no barro cru. Um momento de descompress\u00e3o, troca em grupo e experimenta\u00e7\u00e3o art\u00edstica livre.<\/p>\n<p>Dia 2 (06\/06 das 9h as 13h): A Interven\u00e7\u00e3o &#8211; Nossas cria\u00e7\u00f5es se tornar\u00e3o uma instala\u00e7\u00e3o art\u00edstica coletiva nos espa\u00e7os do Festival. Uma experi\u00eancia de performance ef\u00eamera, onde o mais importante \u00e9 o momento vivido e a marca que deixaremos no evento.<\/p>\n<p>O que est\u00e1 incluso? Todos os materiais, acesso aos dois dias de imers\u00e3o e um registro audiovisual profissional da sua participa\u00e7\u00e3o na obra (para voc\u00ea guardar e compartilhar esse momento \u00fanico!).<\/p>\n<p>A Ministrante: Graciela Olio (Argentina) &#8211; Uma das vozes mais respeitadas da cer\u00e2mica contempor\u00e2nea na Am\u00e9rica Latina. Professora e Licenciada em Artes Pl\u00e1sticas pela UNLP (Argentina), Graciela desenvolveu uma carreira s\u00f3lida unindo o rigor acad\u00eamico \u00e0 experimenta\u00e7\u00e3o art\u00edstica de vanguarda.<\/p>\n","protected":false},"excerpt":{"rendered":"<p>Suje as m\u00e3os, desperte sua criatividade e fa\u00e7a parte de uma obra de arte viva! Neste laborat\u00f3rio pr\u00e1tico, voc\u00ea n\u00e3o precisa de experi\u00eancia pr\u00e9via. Vamos explorar juntos a magia de transferir desenhos, cores e texturas de tecidos e pap\u00e9is diretamente para a argila fresca. O que vai acontecer? Dia 1 (05\/06 das 9h as 13h): [&hellip;]<\/p>\n","protected":false},"featured_media":392,"comment_status":"open","ping_status":"closed","template":"","meta":{"_acf_changed":false,"inline_featured_image":false},"product_brand":[],"product_cat":[42],"product_tag":[],"class_list":{"0":"post-391","1":"product","2":"type-product","3":"status-publish","4":"has-post-thumbnail","6":"product_cat-iniciante","8":"first","9":"instock","10":"downloadable","11":"virtual","12":"purchasable","13":"product-type-simple"},"acf":{"data_de_inicio":"20260605","data_de_termino":"20260606","horario_de_inicio":"09:00:00","horario_de_termino":"13:00:00","observacoes_datas":"05\/06 e 06\/06 - das 9h as 13h","duracao":"2 dias - 8 horas","requisitos":"Nenhum","nome_do_endereco":"Casa do Lago - Deck externo","rua":"R. Jos\u00e9 Arantes Filho","numero":85,"bairro":"Vila Rica","link_google_maps":"https:\/\/maps.app.goo.gl\/LuoTvNSRTRuUiX3k7","facilitador":[219],"observacoes_oficina":""},"aioseo_notices":[],"_links":{"self":[{"href":"https:\/\/ficcunha.com.br\/oficinas\/wp-json\/wp\/v2\/product\/391","targetHints":{"allow":["GET"]}}],"collection":[{"href":"https:\/\/ficcunha.com.br\/oficinas\/wp-json\/wp\/v2\/product"}],"about":[{"href":"https:\/\/ficcunha.com.br\/oficinas\/wp-json\/wp\/v2\/types\/product"}],"replies":[{"embeddable":true,"href":"https:\/\/ficcunha.com.br\/oficinas\/wp-json\/wp\/v2\/comments?post=391"}],"acf:post":[{"embeddable":true,"href":"https:\/\/ficcunha.com.br\/oficinas\/wp-json\/wp\/v2\/facilitador\/219"}],"wp:featuredmedia":[{"embeddable":true,"href":"https:\/\/ficcunha.com.br\/oficinas\/wp-json\/wp\/v2\/media\/392"}],"wp:attachment":[{"href":"https:\/\/ficcunha.com.br\/oficinas\/wp-json\/wp\/v2\/media?parent=391"}],"wp:term":[{"taxonomy":"product_brand","embeddable":true,"href":"https:\/\/ficcunha.com.br\/oficinas\/wp-json\/wp\/v2\/product_brand?post=391"},{"taxonomy":"product_cat","embeddable":true,"href":"https:\/\/ficcunha.com.br\/oficinas\/wp-json\/wp\/v2\/product_cat?post=391"},{"taxonomy":"product_tag","embeddable":true,"href":"https:\/\/ficcunha.com.br\/oficinas\/wp-json\/wp\/v2\/product_tag?post=391"}],"curies":[{"name":"wp","href":"https:\/\/api.w.org\/{rel}","templated":true}]}}