{"id":394,"date":"2026-04-15T12:36:56","date_gmt":"2026-04-15T12:36:56","guid":{"rendered":"https:\/\/ficcunha.com.br\/oficinas\/?post_type=product&#038;p=394"},"modified":"2026-04-23T20:20:14","modified_gmt":"2026-04-23T20:20:14","slug":"construcao-de-forno-de-tiro-direto","status":"publish","type":"product","link":"https:\/\/ficcunha.com.br\/oficinas\/product\/construcao-de-forno-de-tiro-direto\/","title":{"rendered":"Constru\u00e7\u00e3o de forno de tiro direto"},"content":{"rendered":"<p>Para quem deseja conquistar autonomia na queima de cer\u00e2mica, o forno de tiro direto \u00e9 uma solu\u00e7\u00e3o acess\u00edvel, eficiente e de baixo custo. Ideal para queimas em baixa temperatura, ele permite um processo mais pr\u00f3ximo das t\u00e9cnicas tradicionais, valorizando o fazer manual e o controle direto do fogo.<br \/>\nA proposta \u00e9 ensinar, de forma simples e pr\u00e1tica, a constru\u00e7\u00e3o de um forno funcional utilizando materiais acess\u00edveis, possibilitando que cada participante desenvolva sua pr\u00f3pria estrutura de queima.<\/p>\n","protected":false},"excerpt":{"rendered":"<p>Para quem deseja conquistar autonomia na queima de cer\u00e2mica, o forno de tiro direto \u00e9 uma solu\u00e7\u00e3o acess\u00edvel, eficiente e de baixo custo. Ideal para queimas em baixa temperatura, ele permite um processo mais pr\u00f3ximo das t\u00e9cnicas tradicionais, valorizando o fazer manual e o controle direto do fogo. A proposta \u00e9 ensinar, de forma simples [&hellip;]<\/p>\n","protected":false},"featured_media":395,"comment_status":"open","ping_status":"closed","template":"","meta":{"_acf_changed":false,"inline_featured_image":false},"product_brand":[],"product_cat":[44,42,43,49],"product_tag":[],"class_list":{"0":"post-394","1":"product","2":"type-product","3":"status-publish","4":"has-post-thumbnail","6":"product_cat-avancado","7":"product_cat-iniciante","8":"product_cat-intermediario","9":"product_cat-publico-geral","11":"first","12":"instock","13":"downloadable","14":"virtual","15":"purchasable","16":"product-type-simple"},"acf":{"data_de_inicio":"20260603","data_de_termino":null,"horario_de_inicio":"13:00:00","horario_de_termino":"18:00:00","observacoes_datas":"","duracao":"5 horas","requisitos":"Nenhum","nome_do_endereco":"\u00c1rea de Queimas","rua":"Parque Lavap\u00e9s","numero":"","bairro":"Centro","link_google_maps":"https:\/\/maps.app.goo.gl\/85LwDs5wAnUdY6e98","facilitador":[389],"observacoes_oficina":""},"aioseo_notices":[],"_links":{"self":[{"href":"https:\/\/ficcunha.com.br\/oficinas\/wp-json\/wp\/v2\/product\/394","targetHints":{"allow":["GET"]}}],"collection":[{"href":"https:\/\/ficcunha.com.br\/oficinas\/wp-json\/wp\/v2\/product"}],"about":[{"href":"https:\/\/ficcunha.com.br\/oficinas\/wp-json\/wp\/v2\/types\/product"}],"replies":[{"embeddable":true,"href":"https:\/\/ficcunha.com.br\/oficinas\/wp-json\/wp\/v2\/comments?post=394"}],"acf:post":[{"embeddable":true,"href":"https:\/\/ficcunha.com.br\/oficinas\/wp-json\/wp\/v2\/facilitador\/389"}],"wp:featuredmedia":[{"embeddable":true,"href":"https:\/\/ficcunha.com.br\/oficinas\/wp-json\/wp\/v2\/media\/395"}],"wp:attachment":[{"href":"https:\/\/ficcunha.com.br\/oficinas\/wp-json\/wp\/v2\/media?parent=394"}],"wp:term":[{"taxonomy":"product_brand","embeddable":true,"href":"https:\/\/ficcunha.com.br\/oficinas\/wp-json\/wp\/v2\/product_brand?post=394"},{"taxonomy":"product_cat","embeddable":true,"href":"https:\/\/ficcunha.com.br\/oficinas\/wp-json\/wp\/v2\/product_cat?post=394"},{"taxonomy":"product_tag","embeddable":true,"href":"https:\/\/ficcunha.com.br\/oficinas\/wp-json\/wp\/v2\/product_tag?post=394"}],"curies":[{"name":"wp","href":"https:\/\/api.w.org\/{rel}","templated":true}]}}