{"id":405,"date":"2026-04-15T17:31:27","date_gmt":"2026-04-15T17:31:27","guid":{"rendered":"https:\/\/ficcunha.com.br\/oficinas\/?post_type=product&#038;p=405"},"modified":"2026-04-24T18:52:20","modified_gmt":"2026-04-24T18:52:20","slug":"workshop-de-desenho-de-linha-na-ceramica","status":"publish","type":"product","link":"https:\/\/ficcunha.com.br\/oficinas\/product\/workshop-de-desenho-de-linha-na-ceramica\/","title":{"rendered":"Workshop de Desenho de Linha na cer\u00e2mica"},"content":{"rendered":"<p>O workshop de desenho de linha \u00e9 bem pr\u00e1tico. Apresento v\u00e1rios tipos de materiais presentes no mercado e ensino a desenhar com pincel bem fininho.<\/p>\n<p>O objetivo do curso \u00e9 criar desenhos de linhas com hachuras e pontilhismos sobre pe\u00e7a de cer\u00e2mica em biscoito, depois esmaltamos, e queimo a pe\u00e7a em alta temperatura.<\/p>\n","protected":false},"excerpt":{"rendered":"<p>O workshop de desenho de linha \u00e9 bem pr\u00e1tico. Apresento v\u00e1rios tipos de materiais presentes no mercado e ensino a desenhar com pincel bem fininho. O objetivo do curso \u00e9 criar desenhos de linhas com hachuras e pontilhismos sobre pe\u00e7a de cer\u00e2mica em biscoito, depois esmaltamos, e queimo a pe\u00e7a em alta temperatura.<\/p>\n","protected":false},"featured_media":406,"comment_status":"open","ping_status":"closed","template":"","meta":{"_acf_changed":false,"inline_featured_image":false},"product_brand":[],"product_cat":[44,42,43,49],"product_tag":[],"class_list":{"0":"post-405","1":"product","2":"type-product","3":"status-publish","4":"has-post-thumbnail","6":"product_cat-avancado","7":"product_cat-iniciante","8":"product_cat-intermediario","9":"product_cat-publico-geral","11":"first","12":"instock","13":"downloadable","14":"virtual","15":"purchasable","16":"product-type-simple"},"acf":{"data_de_inicio":"20260606","data_de_termino":null,"horario_de_inicio":"09:00:00","horario_de_termino":"12:00:00","observacoes_datas":"","duracao":"1 dia","requisitos":"Nenhum","nome_do_endereco":"Floresta Galeria","rua":"Pra\u00e7a Cel. Jo\u00e3o Ol\u00edmpio, subsolo","numero":9,"bairro":"Centro","link_google_maps":"https:\/\/maps.app.goo.gl\/6ZX5DXAoW1B2NJ6w8","facilitador":[235],"observacoes_oficina":""},"aioseo_notices":[],"_links":{"self":[{"href":"https:\/\/ficcunha.com.br\/oficinas\/wp-json\/wp\/v2\/product\/405","targetHints":{"allow":["GET"]}}],"collection":[{"href":"https:\/\/ficcunha.com.br\/oficinas\/wp-json\/wp\/v2\/product"}],"about":[{"href":"https:\/\/ficcunha.com.br\/oficinas\/wp-json\/wp\/v2\/types\/product"}],"replies":[{"embeddable":true,"href":"https:\/\/ficcunha.com.br\/oficinas\/wp-json\/wp\/v2\/comments?post=405"}],"acf:post":[{"embeddable":true,"href":"https:\/\/ficcunha.com.br\/oficinas\/wp-json\/wp\/v2\/facilitador\/235"}],"wp:featuredmedia":[{"embeddable":true,"href":"https:\/\/ficcunha.com.br\/oficinas\/wp-json\/wp\/v2\/media\/406"}],"wp:attachment":[{"href":"https:\/\/ficcunha.com.br\/oficinas\/wp-json\/wp\/v2\/media?parent=405"}],"wp:term":[{"taxonomy":"product_brand","embeddable":true,"href":"https:\/\/ficcunha.com.br\/oficinas\/wp-json\/wp\/v2\/product_brand?post=405"},{"taxonomy":"product_cat","embeddable":true,"href":"https:\/\/ficcunha.com.br\/oficinas\/wp-json\/wp\/v2\/product_cat?post=405"},{"taxonomy":"product_tag","embeddable":true,"href":"https:\/\/ficcunha.com.br\/oficinas\/wp-json\/wp\/v2\/product_tag?post=405"}],"curies":[{"name":"wp","href":"https:\/\/api.w.org\/{rel}","templated":true}]}}