{"id":603,"date":"2026-04-17T21:06:53","date_gmt":"2026-04-17T21:06:53","guid":{"rendered":"https:\/\/ficcunha.com.br\/oficinas\/?post_type=product&#038;p=603"},"modified":"2026-04-23T20:18:09","modified_gmt":"2026-04-23T20:18:09","slug":"oficina-de-ceramica-para-iniciantes","status":"publish","type":"product","link":"https:\/\/ficcunha.com.br\/oficinas\/product\/oficina-de-ceramica-para-iniciantes\/","title":{"rendered":"Oficina de Cer\u00e2mica para Iniciantes"},"content":{"rendered":"<p>Nesta oficina introdut\u00f3ria, voc\u00ea vai aprender t\u00e9cnicas essenciais de modelagem manual e criar sua pr\u00f3pria x\u00edcara ou caneca, do zero.<\/p>\n<p>A atividade \u00e9 ideal para quem tem pouca ou nenhuma experi\u00eancia com cer\u00e2mica.<\/p>\n<p>Ap\u00f3s o encontro, as pe\u00e7as passar\u00e3o por todo o processo de finaliza\u00e7\u00e3o \u2014 secagem, queima e esmalta\u00e7\u00e3o. Quando estiverem prontas (em at\u00e9 30 dias), ser\u00e3o enviadas pelos Correios (frete n\u00e3o incluso).<\/p>\n<p>Uma oportunidade de viver uma experi\u00eancia criativa e ter uma pe\u00e7a \u00fanica, feita por voc\u00ea.<\/p>\n","protected":false},"excerpt":{"rendered":"<p>Nesta oficina introdut\u00f3ria, voc\u00ea vai aprender t\u00e9cnicas essenciais de modelagem manual e criar sua pr\u00f3pria x\u00edcara ou caneca, do zero. A atividade \u00e9 ideal para quem tem pouca ou nenhuma experi\u00eancia com cer\u00e2mica. Ap\u00f3s o encontro, as pe\u00e7as passar\u00e3o por todo o processo de finaliza\u00e7\u00e3o \u2014 secagem, queima e esmalta\u00e7\u00e3o. Quando estiverem prontas (em at\u00e9 [&hellip;]<\/p>\n","protected":false},"featured_media":604,"comment_status":"open","ping_status":"closed","template":"","meta":{"_acf_changed":false,"inline_featured_image":false},"product_brand":[],"product_cat":[42,49],"product_tag":[],"class_list":{"0":"post-603","1":"product","2":"type-product","3":"status-publish","4":"has-post-thumbnail","6":"product_cat-iniciante","7":"product_cat-publico-geral","9":"first","10":"instock","11":"downloadable","12":"virtual","13":"purchasable","14":"product-type-simple"},"acf":{"data_de_inicio":"20260530","data_de_termino":null,"horario_de_inicio":"14:00:00","horario_de_termino":"17:30:00","observacoes_datas":"","duracao":"3 horas e meia","requisitos":"Nenhum","nome_do_endereco":"Casa do Lago - Deck Interno","rua":"R. Jos\u00e9 Arantes Filho","numero":85,"bairro":"Vila Rica","link_google_maps":"https:\/\/maps.app.goo.gl\/PdwRuLgyaWoNHH1d8","facilitador":[381],"observacoes_oficina":""},"aioseo_notices":[],"_links":{"self":[{"href":"https:\/\/ficcunha.com.br\/oficinas\/wp-json\/wp\/v2\/product\/603","targetHints":{"allow":["GET"]}}],"collection":[{"href":"https:\/\/ficcunha.com.br\/oficinas\/wp-json\/wp\/v2\/product"}],"about":[{"href":"https:\/\/ficcunha.com.br\/oficinas\/wp-json\/wp\/v2\/types\/product"}],"replies":[{"embeddable":true,"href":"https:\/\/ficcunha.com.br\/oficinas\/wp-json\/wp\/v2\/comments?post=603"}],"acf:post":[{"embeddable":true,"href":"https:\/\/ficcunha.com.br\/oficinas\/wp-json\/wp\/v2\/facilitador\/381"}],"wp:featuredmedia":[{"embeddable":true,"href":"https:\/\/ficcunha.com.br\/oficinas\/wp-json\/wp\/v2\/media\/604"}],"wp:attachment":[{"href":"https:\/\/ficcunha.com.br\/oficinas\/wp-json\/wp\/v2\/media?parent=603"}],"wp:term":[{"taxonomy":"product_brand","embeddable":true,"href":"https:\/\/ficcunha.com.br\/oficinas\/wp-json\/wp\/v2\/product_brand?post=603"},{"taxonomy":"product_cat","embeddable":true,"href":"https:\/\/ficcunha.com.br\/oficinas\/wp-json\/wp\/v2\/product_cat?post=603"},{"taxonomy":"product_tag","embeddable":true,"href":"https:\/\/ficcunha.com.br\/oficinas\/wp-json\/wp\/v2\/product_tag?post=603"}],"curies":[{"name":"wp","href":"https:\/\/api.w.org\/{rel}","templated":true}]}}