{"id":699,"date":"2026-04-23T20:48:02","date_gmt":"2026-04-23T20:48:02","guid":{"rendered":"https:\/\/ficcunha.com.br\/oficinas\/?post_type=product&#038;p=699"},"modified":"2026-04-23T21:03:35","modified_gmt":"2026-04-23T21:03:35","slug":"bule-em-modelagem-manual","status":"publish","type":"product","link":"https:\/\/ficcunha.com.br\/oficinas\/product\/bule-em-modelagem-manual\/","title":{"rendered":"Bule em modelagem manual"},"content":{"rendered":"<p>Nesta oficina, vamos trabalhar a combina\u00e7\u00e3o das principais t\u00e9cnicas de modelagem manual de uma maneira diferente e criativa: cada participante vai fazer seu pr\u00f3prio bule.<\/p>\n<p>O objetivo desta oficina \u00e9 oferecer um exerc\u00edcio completo de modelagem, colagem e acabamento para iniciantes, iniciados ou ceramistas que queiram desenvolver a pr\u00e1tica da modelagem manual. <\/p>\n<p>Esta \u00e9 uma oficina de introdu\u00e7\u00e3o ao bule, com foco em modelagem; n\u00e3o vamos tratar de complexidades funcionais.<\/p>\n<p>Voc\u00ea vai aprender:<\/p>\n<p>&#8211; Modelagem manual de base, tampa, puxador, encaixe, al\u00e7a e bico;<br \/>\n&#8211; Acabamento adequado para cada elemento;<br \/>\n&#8211; Colagem;<br \/>\n&#8211; Recomenda\u00e7\u00f5es sobre secagem e queimas.<\/p>\n<p>Pausa para o almo\u00e7o entre 12h e 14h.<\/p>\n<p>Todos os materiais inclusos.<br \/>\nQueima n\u00e3o inclusa.<\/p>\n","protected":false},"excerpt":{"rendered":"<p>Nesta oficina, vamos trabalhar a combina\u00e7\u00e3o das principais t\u00e9cnicas de modelagem manual de uma maneira diferente e criativa: cada participante vai fazer seu pr\u00f3prio bule. O objetivo desta oficina \u00e9 oferecer um exerc\u00edcio completo de modelagem, colagem e acabamento para iniciantes, iniciados ou ceramistas que queiram desenvolver a pr\u00e1tica da modelagem manual. Esta \u00e9 uma [&hellip;]<\/p>\n","protected":false},"featured_media":700,"comment_status":"open","ping_status":"closed","template":"","meta":{"_acf_changed":false,"inline_featured_image":false},"product_brand":[],"product_cat":[42],"product_tag":[],"class_list":{"0":"post-699","1":"product","2":"type-product","3":"status-publish","4":"has-post-thumbnail","6":"product_cat-iniciante","8":"first","9":"instock","10":"downloadable","11":"virtual","12":"sold-individually","13":"purchasable","14":"product-type-simple"},"acf":{"data_de_inicio":"20260531","data_de_termino":null,"horario_de_inicio":"09:00:00","horario_de_termino":"17:00:00","observacoes_datas":"","duracao":"7 horas","requisitos":"Nenhum","nome_do_endereco":"Casa do Lago - Deck Interno","rua":"R. Jos\u00e9 Arantes Filho","numero":85,"bairro":"Vila Rica","link_google_maps":"https:\/\/maps.app.goo.gl\/McZzb3hNv1b4Ki8A6","facilitador":[381],"observacoes_oficina":""},"aioseo_notices":[],"_links":{"self":[{"href":"https:\/\/ficcunha.com.br\/oficinas\/wp-json\/wp\/v2\/product\/699","targetHints":{"allow":["GET"]}}],"collection":[{"href":"https:\/\/ficcunha.com.br\/oficinas\/wp-json\/wp\/v2\/product"}],"about":[{"href":"https:\/\/ficcunha.com.br\/oficinas\/wp-json\/wp\/v2\/types\/product"}],"replies":[{"embeddable":true,"href":"https:\/\/ficcunha.com.br\/oficinas\/wp-json\/wp\/v2\/comments?post=699"}],"acf:post":[{"embeddable":true,"href":"https:\/\/ficcunha.com.br\/oficinas\/wp-json\/wp\/v2\/facilitador\/381"}],"wp:featuredmedia":[{"embeddable":true,"href":"https:\/\/ficcunha.com.br\/oficinas\/wp-json\/wp\/v2\/media\/700"}],"wp:attachment":[{"href":"https:\/\/ficcunha.com.br\/oficinas\/wp-json\/wp\/v2\/media?parent=699"}],"wp:term":[{"taxonomy":"product_brand","embeddable":true,"href":"https:\/\/ficcunha.com.br\/oficinas\/wp-json\/wp\/v2\/product_brand?post=699"},{"taxonomy":"product_cat","embeddable":true,"href":"https:\/\/ficcunha.com.br\/oficinas\/wp-json\/wp\/v2\/product_cat?post=699"},{"taxonomy":"product_tag","embeddable":true,"href":"https:\/\/ficcunha.com.br\/oficinas\/wp-json\/wp\/v2\/product_tag?post=699"}],"curies":[{"name":"wp","href":"https:\/\/api.w.org\/{rel}","templated":true}]}}